{"id":19484,"date":"2024-07-10T15:47:23","date_gmt":"2024-07-10T14:47:23","guid":{"rendered":"https:\/\/office-staging.fujifilmprint.eu\/?page_id=19484"},"modified":"2026-01-12T15:01:39","modified_gmt":"2026-01-12T14:01:39","slug":"where-to-buy","status":"publish","type":"page","link":"https:\/\/office.fujifilmprint.eu\/es\/where-to-buy\/","title":{"rendered":"D\u00f3nde comprar"},"content":{"rendered":"<section id=\"black-header\">\n\t<div class=\"container-fluid black-pt\" style=\"background-image: url('https:\/\/office.fujifilmprint.eu\/wp-content\/uploads\/2024\/06\/apeos-howtobuybanner-2500x1107-1.jpg');background-size: cover;padding: 0;\">\n\t<div class=\"overlay\" style=\"padding: 200px 0;\">\t\t<div class=\"container\">\n\t\t\t<h2 style=\"line-height: 80px;\">\n\t\t\t\tD\u00f3nde comprar\t\t\t<\/h2>\n\t\t\t<h3>\n\t\t\t\tLocalice su distribuidor Apeos m\u00e1s cercano\t\t\t<\/h3>\n\t\t<\/div>\n\t<\/div>\t<\/div>\n<\/section>\n\n<div style=\"height:20px;\">\n<\/div>\n\n<section id=\"txt-header\">\n\t<div class=\"container block-text-header\">\n\t\t<h3><\/h3>\n\t\t<h2>Ubicaciones y salas de exposici\u00f3n de socios<\/h2>\n\t\t<p><p>Encuentre a su distribuidor m\u00e1s cercano a continuaci\u00f3n.<\/p>\n<\/p>\n\t<\/div>\n<\/section>\n\n\n\n\n\n\n\n<\/p>\n\n\n\r\n<div class=\"container card-grid\">\r\n    <div class=\"row\">\r\n            \r\n        <div class=\"col-md-4\">\r\n            <div class=\"card\">\r\n                <div class=\"card-body\">\r\n                    <h5 class=\"card-title\">M\u00c1QUINAS Y SERVICIOS DIGITALES COPY SERVICE<\/h5>\r\n                    <h6 class=\"card-subtitle mb-2 text-muted\">CATALU\u00d1A<\/h6>\r\n                    <p class=\"card-text\"><p>Calle de Eduard Maristany, 402. 08918 Badalona, (Barcelona) <strong>Tel\u00e9fono:<\/strong> 93 303 42 37<br \/>\n<strong>Informaci\u00f3n:<\/strong> info@copyservice.es<br \/>\n<strong>General:<\/strong> copyservice@copyservice.es<\/p>\n<\/p>\r\n                    <a href=\"https:\/\/www.copyservice.es\" class=\"card-link\">Visita la web<\/a>\r\n                <\/div>\r\n            <\/div>\r\n        <\/div>\r\n\r\n        \r\n        <div class=\"col-md-4\">\r\n            <div class=\"card\">\r\n                <div class=\"card-body\">\r\n                    <h5 class=\"card-title\">VIVA COPIER <\/h5>\r\n                    <h6 class=\"card-subtitle mb-2 text-muted\">ANDALUC\u00cdA ORIENTAL: Granada, Almer\u00eda, Ja\u00e9n y M\u00e1laga<\/h6>\r\n                    <p class=\"card-text\"><p>Pol. \"El Florio Avda. el Florio n\u00ba 62-63, 1\u00aa Planta, Puerta A Edificio Empresarial Jardines<br \/>\n18015 Granada<br \/>\n<strong>Tel\u00e9fono:<\/strong> 958 12 81 53<br \/>\n<strong>Contacto<\/strong>: Juan R. G\u00f3mez<br \/>\n<strong>Tel\u00e9fono\/Whatsapp:<\/strong> +34 635544520<br \/>\n<strong>Correo electr\u00f3nico:<\/strong> vivacopier@vivacopier.es<\/p>\n<\/p>\r\n                    <a href=\"https:\/\/www.vivacopier.es\" class=\"card-link\">Visita la web<\/a>\r\n                <\/div>\r\n            <\/div>\r\n        <\/div>\r\n\r\n        \r\n        <div class=\"col-md-4\">\r\n            <div class=\"card\">\r\n                <div class=\"card-body\">\r\n                    <h5 class=\"card-title\">PRINTTEC <\/h5>\r\n                    <h6 class=\"card-subtitle mb-2 text-muted\">MURCIA Y ALBACETE<\/h6>\r\n                    <p class=\"card-text\"><p>C\/ Castillo de Lorca, N\u00ba51 C.P: 30564 - Lorqu\u00ed (Murcia)<br \/>\nadministracion@printtec.es<br \/>\n<strong>Tel\u00e9fono:<\/strong> 968 676 888\/601 286 221<br \/>\n<strong>Contacto:<\/strong> Juan Guill\u00e9n<br \/>\n<strong>Tel\u00e9fono<\/strong>: 601388499<br \/>\n<strong>Correo electr\u00f3nico<\/strong>: juanguillen@printtec.es<\/p>\n<\/p>\r\n                    <a href=\"https:\/\/www.printtec.es\" class=\"card-link\">Visita la web<\/a>\r\n                <\/div>\r\n            <\/div>\r\n        <\/div>\r\n\r\n        \r\n        <div class=\"col-md-4\">\r\n            <div class=\"card\">\r\n                <div class=\"card-body\">\r\n                    <h5 class=\"card-title\">SELZUR <\/h5>\r\n                    <h6 class=\"card-subtitle mb-2 text-muted\">ZONA NOROESTE<\/h6>\r\n                    <p class=\"card-text\"><p><strong>PA\u00cdS VASCO:<\/strong> Lander Zurinaga, tel\u00e9fono; 944425216, correo; lzurinaga@selzur.com<br \/>\n<strong>CANTABRIA<\/strong>: Luis Macias, tel\u00e9fono; 942325101, mail; lmacias@selzur.com<br \/>\n<strong>ASTURIAS:<\/strong> Ferm\u00edn Gonz\u00e1lez, tel\u00e9fono; 985131115, correo; fgonzalez@selzur.com<br \/>\n<strong>Central:<\/strong> Plaza Ibaiondo, 4 Bajo - P.E. Ibaiondo 48940 Leioa, (Bizkaia)<\/p>\n<\/p>\r\n                    <a href=\"https:\/\/www.Selzur.com\" class=\"card-link\">Visita la web<\/a>\r\n                <\/div>\r\n            <\/div>\r\n        <\/div>\r\n\r\n        \r\n        <div class=\"col-md-4\">\r\n            <div class=\"card\">\r\n                <div class=\"card-body\">\r\n                    <h5 class=\"card-title\">LAGOM (SERVICOPIA COMERCIAL)  <\/h5>\r\n                    <h6 class=\"card-subtitle mb-2 text-muted\">COMUNIDAD DE MADRID<\/h6>\r\n                    <p class=\"card-text\"><p>c\/ Ciudad de Fr\u00edas n\u00ba 11. Nave R.<br \/>\n28021 Madrid<br \/>\n<strong>Tel\u00e9fono:<\/strong> 915083261<br \/>\n<strong>Correo electr\u00f3nico:<\/strong> Administracion@lagomgroup.es<\/p>\n<\/p>\r\n                    <a href=\"https:\/\/www.lagomgroup.es\" class=\"card-link\">Visita la web<\/a>\r\n                <\/div>\r\n            <\/div>\r\n        <\/div>\r\n\r\n        \r\n        <div class=\"col-md-4\">\r\n            <div class=\"card\">\r\n                <div class=\"card-body\">\r\n                    <h5 class=\"card-title\">SATOFI DIGITAL<\/h5>\r\n                    <h6 class=\"card-subtitle mb-2 text-muted\">COMUNIDAD VALENCIANA<\/h6>\r\n                    <p class=\"card-text\"><p><strong>Central<\/strong>: Contacto Federico Sales<br \/>\nTel\u00e9fono 639 777 089<br \/>\nCorreo electr\u00f3nico: fede@satofi.es<br \/>\n<strong>Castell\u00f3n<\/strong><br \/>\nC\/ R\u00edo Navia, 12E bajo, 12006 Castell\u00f3n de la Plana<br \/>\nTel\u00e9fono: 964 251 286<br \/>\n<strong>Valencia<\/strong><br \/>\nC\/ Pasaje Motor de San Francisco, 2 Bajo Izquierda, 46200 Valencia<br \/>\nTel\u00e9fono: 963 976 129<\/p>\n<\/p>\r\n                    <a href=\"\" class=\"card-link\"><\/a>\r\n                <\/div>\r\n            <\/div>\r\n        <\/div>\r\n\r\n            \r\n    <\/div>\r\n<\/div>\r\n\n\n<p>\n\n\n<section id=\"dark-form\">\n\t<div id=\"footer-form\" class=\"container\">\n\t\t<h2>\u00bfDesea hablar con un representante de Fujifilm? P\u00f3ngase en contacto con nosotros:<\/h2>\n\n\t\t  \r\n   \r\n  \r\n  \r\n<script src=\"\/\/info.fujifilm.eu\/js\/forms2\/js\/forms2.min.js\"><\/script> <form id=\"mktoForm_6122\" action=\"\"><input type=\"hidden\" name=\"trp-form-language\" value=\"es\"\/><\/form> <script>MktoForms2.loadForm(\"\/\/info.fujifilm.eu\", \"060-MIY-956\", 6122);<\/script> \r\n \r\n\r\n  \n\t\t<div id=\"confirmform\" style=\"visibility:hidden;\">\n                            <p><strong>Gracias por su consulta, alguien se pondr\u00e1 en contacto pronto.<\/strong><\/p>\n              \n        <\/div>\n\t<\/div>\n<\/section>","protected":false},"excerpt":{"rendered":"","protected":false},"author":7,"featured_media":0,"parent":0,"menu_order":0,"comment_status":"closed","ping_status":"closed","template":"","meta":{"inline_featured_image":false,"footnotes":""},"class_list":["post-19484","page","type-page","status-publish","hentry"],"acf":[],"yoast_head":"<!-- This site is optimized with the Yoast SEO plugin v22.5 - https:\/\/yoast.com\/wordpress\/plugins\/seo\/ -->\n<title>Where to buy | Fujifilm Apeos Multifunction Printers EMEA<\/title>\n<meta name=\"description\" content=\"The Apeos range is brought to market through our network of partners. Find your nearest reseller and start the conversation here.\" \/>\n<meta name=\"robots\" content=\"index, follow, max-snippet:-1, max-image-preview:large, max-video-preview:-1\" \/>\n<link rel=\"canonical\" href=\"https:\/\/office.fujifilmprint.eu\/es\/where-to-buy\/\" \/>\n<meta property=\"og:locale\" content=\"es_ES\" \/>\n<meta property=\"og:type\" content=\"article\" \/>\n<meta property=\"og:title\" content=\"Where to buy | Fujifilm Apeos Multifunction Printers EMEA\" \/>\n<meta property=\"og:description\" content=\"The Apeos range is brought to market through our network of partners. Find your nearest reseller and start the conversation here.\" \/>\n<meta property=\"og:url\" content=\"https:\/\/office.fujifilmprint.eu\/es\/where-to-buy\/\" \/>\n<meta property=\"og:site_name\" content=\"Fujifilm Office Printers EMEA\" \/>\n<meta property=\"article:modified_time\" content=\"2026-01-12T14:01:39+00:00\" \/>\n<meta name=\"twitter:card\" content=\"summary_large_image\" \/>\n<meta name=\"twitter:label1\" content=\"Tiempo de lectura\" \/>\n\t<meta name=\"twitter:data1\" content=\"1 minuto\" \/>\n<script type=\"application\/ld+json\" class=\"yoast-schema-graph\">{\"@context\":\"https:\/\/schema.org\",\"@graph\":[{\"@type\":\"WebPage\",\"@id\":\"https:\/\/office.fujifilmprint.eu\/where-to-buy\/\",\"url\":\"https:\/\/office.fujifilmprint.eu\/where-to-buy\/\",\"name\":\"Where to buy | Fujifilm Apeos Multifunction Printers EMEA\",\"isPartOf\":{\"@id\":\"https:\/\/office.fujifilmprint.eu\/#website\"},\"datePublished\":\"2024-07-10T14:47:23+00:00\",\"dateModified\":\"2026-01-12T14:01:39+00:00\",\"description\":\"The Apeos range is brought to market through our network of partners. Find your nearest reseller and start the conversation here.\",\"breadcrumb\":{\"@id\":\"https:\/\/office.fujifilmprint.eu\/where-to-buy\/#breadcrumb\"},\"inLanguage\":\"es\",\"potentialAction\":[{\"@type\":\"ReadAction\",\"target\":[\"https:\/\/office.fujifilmprint.eu\/where-to-buy\/\"]}]},{\"@type\":\"BreadcrumbList\",\"@id\":\"https:\/\/office.fujifilmprint.eu\/where-to-buy\/#breadcrumb\",\"itemListElement\":[{\"@type\":\"ListItem\",\"position\":1,\"name\":\"Home\",\"item\":\"https:\/\/office.fujifilmprint.eu\/\"},{\"@type\":\"ListItem\",\"position\":2,\"name\":\"Where to buy\"}]},{\"@type\":\"WebSite\",\"@id\":\"https:\/\/office.fujifilmprint.eu\/#website\",\"url\":\"https:\/\/office.fujifilmprint.eu\/\",\"name\":\"Fujifilm Office Printers EMEA\",\"description\":\"\",\"publisher\":{\"@id\":\"https:\/\/office.fujifilmprint.eu\/#organization\"},\"potentialAction\":[{\"@type\":\"SearchAction\",\"target\":{\"@type\":\"EntryPoint\",\"urlTemplate\":\"https:\/\/office.fujifilmprint.eu\/?s={search_term_string}\"},\"query-input\":\"required name=search_term_string\"}],\"inLanguage\":\"es\"},{\"@type\":\"Organization\",\"@id\":\"https:\/\/office.fujifilmprint.eu\/#organization\",\"name\":\"Fujifilm Office Printers EMEA\",\"url\":\"https:\/\/office.fujifilmprint.eu\/\",\"logo\":{\"@type\":\"ImageObject\",\"inLanguage\":\"es\",\"@id\":\"https:\/\/office.fujifilmprint.eu\/#\/schema\/logo\/image\/\",\"url\":\"https:\/\/office.fujifilmprint.eu\/wp-content\/uploads\/2024\/05\/fujifilm-1.png\",\"contentUrl\":\"https:\/\/office.fujifilmprint.eu\/wp-content\/uploads\/2024\/05\/fujifilm-1.png\",\"width\":416,\"height\":70,\"caption\":\"Fujifilm Office Printers EMEA\"},\"image\":{\"@id\":\"https:\/\/office.fujifilmprint.eu\/#\/schema\/logo\/image\/\"}}]}<\/script>\n<!-- \/ Yoast SEO plugin. -->","yoast_head_json":{"title":"D\u00f3nde comprar | Impresoras Multifunci\u00f3n Apeos Fujifilm EMEA","description":"La gama Apeos llega al mercado a trav\u00e9s de nuestra red de socios. Localice su concesionario m\u00e1s cercano y empecemos a hablar.","robots":{"index":"index","follow":"follow","max-snippet":"max-snippet:-1","max-image-preview":"max-image-preview:large","max-video-preview":"max-video-preview:-1"},"canonical":"https:\/\/office.fujifilmprint.eu\/es\/where-to-buy\/","og_locale":"es_ES","og_type":"article","og_title":"Where to buy | Fujifilm Apeos Multifunction Printers EMEA","og_description":"The Apeos range is brought to market through our network of partners. Find your nearest reseller and start the conversation here.","og_url":"https:\/\/office.fujifilmprint.eu\/es\/where-to-buy\/","og_site_name":"Fujifilm Office Printers EMEA","article_modified_time":"2026-01-12T14:01:39+00:00","twitter_card":"summary_large_image","twitter_misc":{"Tiempo de lectura":"1 minuto"},"schema":{"@context":"https:\/\/schema.org","@graph":[{"@type":"WebPage","@id":"https:\/\/office.fujifilmprint.eu\/where-to-buy\/","url":"https:\/\/office.fujifilmprint.eu\/where-to-buy\/","name":"D\u00f3nde comprar | Impresoras Multifunci\u00f3n Apeos Fujifilm EMEA","isPartOf":{"@id":"https:\/\/office.fujifilmprint.eu\/#website"},"datePublished":"2024-07-10T14:47:23+00:00","dateModified":"2026-01-12T14:01:39+00:00","description":"La gama Apeos llega al mercado a trav\u00e9s de nuestra red de socios. Localice su concesionario m\u00e1s cercano y empecemos a hablar.","breadcrumb":{"@id":"https:\/\/office.fujifilmprint.eu\/where-to-buy\/#breadcrumb"},"inLanguage":"es","potentialAction":[{"@type":"ReadAction","target":["https:\/\/office.fujifilmprint.eu\/where-to-buy\/"]}]},{"@type":"BreadcrumbList","@id":"https:\/\/office.fujifilmprint.eu\/where-to-buy\/#breadcrumb","itemListElement":[{"@type":"ListItem","position":1,"name":"Home","item":"https:\/\/office.fujifilmprint.eu\/"},{"@type":"ListItem","position":2,"name":"Where to buy"}]},{"@type":"WebSite","@id":"https:\/\/office.fujifilmprint.eu\/#website","url":"https:\/\/office.fujifilmprint.eu\/","name":"Fujifilm Impresoras de oficina EMEA","description":"","publisher":{"@id":"https:\/\/office.fujifilmprint.eu\/#organization"},"potentialAction":[{"@type":"SearchAction","target":{"@type":"EntryPoint","urlTemplate":"https:\/\/office.fujifilmprint.eu\/?s={search_term_string}"},"query-input":"required name=search_term_string"}],"inLanguage":"es"},{"@type":"Organization","@id":"https:\/\/office.fujifilmprint.eu\/#organization","name":"Fujifilm Impresoras de oficina EMEA","url":"https:\/\/office.fujifilmprint.eu\/","logo":{"@type":"ImageObject","inLanguage":"es","@id":"https:\/\/office.fujifilmprint.eu\/#\/schema\/logo\/image\/","url":"https:\/\/office.fujifilmprint.eu\/wp-content\/uploads\/2024\/05\/fujifilm-1.png","contentUrl":"https:\/\/office.fujifilmprint.eu\/wp-content\/uploads\/2024\/05\/fujifilm-1.png","width":416,"height":70,"caption":"Fujifilm Office Printers EMEA"},"image":{"@id":"https:\/\/office.fujifilmprint.eu\/#\/schema\/logo\/image\/"}}]}},"_links":{"self":[{"href":"https:\/\/office.fujifilmprint.eu\/es\/wp-json\/wp\/v2\/pages\/19484","targetHints":{"allow":["GET"]}}],"collection":[{"href":"https:\/\/office.fujifilmprint.eu\/es\/wp-json\/wp\/v2\/pages"}],"about":[{"href":"https:\/\/office.fujifilmprint.eu\/es\/wp-json\/wp\/v2\/types\/page"}],"author":[{"embeddable":true,"href":"https:\/\/office.fujifilmprint.eu\/es\/wp-json\/wp\/v2\/users\/7"}],"replies":[{"embeddable":true,"href":"https:\/\/office.fujifilmprint.eu\/es\/wp-json\/wp\/v2\/comments?post=19484"}],"version-history":[{"count":119,"href":"https:\/\/office.fujifilmprint.eu\/es\/wp-json\/wp\/v2\/pages\/19484\/revisions"}],"predecessor-version":[{"id":21715,"href":"https:\/\/office.fujifilmprint.eu\/es\/wp-json\/wp\/v2\/pages\/19484\/revisions\/21715"}],"wp:attachment":[{"href":"https:\/\/office.fujifilmprint.eu\/es\/wp-json\/wp\/v2\/media?parent=19484"}],"curies":[{"name":"wp","href":"https:\/\/api.w.org\/{rel}","templated":true}]}}