{"id":19493,"date":"2024-07-10T16:18:15","date_gmt":"2024-07-10T15:18:15","guid":{"rendered":"https:\/\/office-staging.fujifilmprint.eu\/?page_id=19493"},"modified":"2025-11-20T11:35:13","modified_gmt":"2025-11-20T10:35:13","slug":"become-a-reseller","status":"publish","type":"page","link":"https:\/\/office.fujifilmprint.eu\/es\/become-a-reseller\/","title":{"rendered":"Convi\u00e9rtase en revendedor"},"content":{"rendered":"<section id=\"dark-form\">\n\t<div id=\"footer-form\" class=\"container\">\n\t\t<h2>\u00bfTiene inter\u00e9s en comercializar las impresoras multifunci\u00f3n Apeos? Env\u00ede su solicitud a continuaci\u00f3n:<\/h2>\n\n\t\t  \r\n   \r\n  \r\n  \r\n<script src=\"\/\/info.fujifilm.eu\/js\/forms2\/js\/forms2.min.js\"><\/script> <form id=\"mktoForm_6122\" action=\"\"><input type=\"hidden\" name=\"trp-form-language\" value=\"es\"\/><\/form> <script>MktoForms2.loadForm(\"\/\/info.fujifilm.eu\", \"060-MIY-956\", 6122);<\/script> \r\n \r\n\r\n  \n\t\t<div id=\"confirmform\" style=\"visibility:hidden;\">\n                            <p><strong>Gracias por su consulta, alguien se pondr\u00e1 en contacto pronto.<\/strong><\/p>\n              \n        <\/div>\n\t<\/div>\n<\/section>","protected":false},"excerpt":{"rendered":"","protected":false},"author":7,"featured_media":0,"parent":0,"menu_order":0,"comment_status":"closed","ping_status":"closed","template":"","meta":{"inline_featured_image":false,"footnotes":""},"class_list":["post-19493","page","type-page","status-publish","hentry"],"acf":[],"yoast_head":"<!-- This site is optimized with the Yoast SEO plugin v22.5 - https:\/\/yoast.com\/wordpress\/plugins\/seo\/ -->\n<title>Become a reseller - Fujifilm Office Printers EMEA<\/title>\n<meta name=\"description\" content=\"Is your company interested in selling Fujifilm Apeos Multifunction Printers? Get in touch here to start the conversation.\" \/>\n<meta name=\"robots\" content=\"index, follow, max-snippet:-1, max-image-preview:large, max-video-preview:-1\" \/>\n<link rel=\"canonical\" href=\"https:\/\/office.fujifilmprint.eu\/es\/become-a-reseller\/\" \/>\n<meta property=\"og:locale\" content=\"es_ES\" \/>\n<meta property=\"og:type\" content=\"article\" \/>\n<meta property=\"og:title\" content=\"Become a reseller - Fujifilm Office Printers EMEA\" \/>\n<meta property=\"og:description\" content=\"Is your company interested in selling Fujifilm Apeos Multifunction Printers? Get in touch here to start the conversation.\" \/>\n<meta property=\"og:url\" content=\"https:\/\/office.fujifilmprint.eu\/es\/become-a-reseller\/\" \/>\n<meta property=\"og:site_name\" content=\"Fujifilm Office Printers EMEA\" \/>\n<meta property=\"article:modified_time\" content=\"2025-11-20T10:35:13+00:00\" \/>\n<meta name=\"twitter:card\" content=\"summary_large_image\" \/>\n<script type=\"application\/ld+json\" class=\"yoast-schema-graph\">{\"@context\":\"https:\/\/schema.org\",\"@graph\":[{\"@type\":\"WebPage\",\"@id\":\"https:\/\/office.fujifilmprint.eu\/become-a-reseller\/\",\"url\":\"https:\/\/office.fujifilmprint.eu\/become-a-reseller\/\",\"name\":\"Become a reseller - Fujifilm Office Printers EMEA\",\"isPartOf\":{\"@id\":\"https:\/\/office.fujifilmprint.eu\/#website\"},\"datePublished\":\"2024-07-10T15:18:15+00:00\",\"dateModified\":\"2025-11-20T10:35:13+00:00\",\"description\":\"Is your company interested in selling Fujifilm Apeos Multifunction Printers? Get in touch here to start the conversation.\",\"breadcrumb\":{\"@id\":\"https:\/\/office.fujifilmprint.eu\/become-a-reseller\/#breadcrumb\"},\"inLanguage\":\"es\",\"potentialAction\":[{\"@type\":\"ReadAction\",\"target\":[\"https:\/\/office.fujifilmprint.eu\/become-a-reseller\/\"]}]},{\"@type\":\"BreadcrumbList\",\"@id\":\"https:\/\/office.fujifilmprint.eu\/become-a-reseller\/#breadcrumb\",\"itemListElement\":[{\"@type\":\"ListItem\",\"position\":1,\"name\":\"Home\",\"item\":\"https:\/\/office.fujifilmprint.eu\/\"},{\"@type\":\"ListItem\",\"position\":2,\"name\":\"Become a reseller\"}]},{\"@type\":\"WebSite\",\"@id\":\"https:\/\/office.fujifilmprint.eu\/#website\",\"url\":\"https:\/\/office.fujifilmprint.eu\/\",\"name\":\"Fujifilm Office Printers EMEA\",\"description\":\"\",\"publisher\":{\"@id\":\"https:\/\/office.fujifilmprint.eu\/#organization\"},\"potentialAction\":[{\"@type\":\"SearchAction\",\"target\":{\"@type\":\"EntryPoint\",\"urlTemplate\":\"https:\/\/office.fujifilmprint.eu\/?s={search_term_string}\"},\"query-input\":\"required name=search_term_string\"}],\"inLanguage\":\"es\"},{\"@type\":\"Organization\",\"@id\":\"https:\/\/office.fujifilmprint.eu\/#organization\",\"name\":\"Fujifilm Office Printers EMEA\",\"url\":\"https:\/\/office.fujifilmprint.eu\/\",\"logo\":{\"@type\":\"ImageObject\",\"inLanguage\":\"es\",\"@id\":\"https:\/\/office.fujifilmprint.eu\/#\/schema\/logo\/image\/\",\"url\":\"https:\/\/office.fujifilmprint.eu\/wp-content\/uploads\/2024\/05\/fujifilm-1.png\",\"contentUrl\":\"https:\/\/office.fujifilmprint.eu\/wp-content\/uploads\/2024\/05\/fujifilm-1.png\",\"width\":416,\"height\":70,\"caption\":\"Fujifilm Office Printers EMEA\"},\"image\":{\"@id\":\"https:\/\/office.fujifilmprint.eu\/#\/schema\/logo\/image\/\"}}]}<\/script>\n<!-- \/ Yoast SEO plugin. -->","yoast_head_json":{"title":"Convi\u00e9rtase en revendedor - Fujifilm Office Printers EMEA","description":"\u00bfEst\u00e1 interesada su empresa en comercializar las impresoras multifunci\u00f3n Apeos de Fujifilm? Contacte aqu\u00ed para empezar a hablar.","robots":{"index":"index","follow":"follow","max-snippet":"max-snippet:-1","max-image-preview":"max-image-preview:large","max-video-preview":"max-video-preview:-1"},"canonical":"https:\/\/office.fujifilmprint.eu\/es\/become-a-reseller\/","og_locale":"es_ES","og_type":"article","og_title":"Become a reseller - Fujifilm Office Printers EMEA","og_description":"Is your company interested in selling Fujifilm Apeos Multifunction Printers? Get in touch here to start the conversation.","og_url":"https:\/\/office.fujifilmprint.eu\/es\/become-a-reseller\/","og_site_name":"Fujifilm Office Printers EMEA","article_modified_time":"2025-11-20T10:35:13+00:00","twitter_card":"summary_large_image","schema":{"@context":"https:\/\/schema.org","@graph":[{"@type":"WebPage","@id":"https:\/\/office.fujifilmprint.eu\/become-a-reseller\/","url":"https:\/\/office.fujifilmprint.eu\/become-a-reseller\/","name":"Convi\u00e9rtase en revendedor - Fujifilm Office Printers EMEA","isPartOf":{"@id":"https:\/\/office.fujifilmprint.eu\/#website"},"datePublished":"2024-07-10T15:18:15+00:00","dateModified":"2025-11-20T10:35:13+00:00","description":"\u00bfEst\u00e1 interesada su empresa en comercializar las impresoras multifunci\u00f3n Apeos de Fujifilm? Contacte aqu\u00ed para empezar a hablar.","breadcrumb":{"@id":"https:\/\/office.fujifilmprint.eu\/become-a-reseller\/#breadcrumb"},"inLanguage":"es","potentialAction":[{"@type":"ReadAction","target":["https:\/\/office.fujifilmprint.eu\/become-a-reseller\/"]}]},{"@type":"BreadcrumbList","@id":"https:\/\/office.fujifilmprint.eu\/become-a-reseller\/#breadcrumb","itemListElement":[{"@type":"ListItem","position":1,"name":"Home","item":"https:\/\/office.fujifilmprint.eu\/"},{"@type":"ListItem","position":2,"name":"Become a reseller"}]},{"@type":"WebSite","@id":"https:\/\/office.fujifilmprint.eu\/#website","url":"https:\/\/office.fujifilmprint.eu\/","name":"Fujifilm Impresoras de oficina EMEA","description":"","publisher":{"@id":"https:\/\/office.fujifilmprint.eu\/#organization"},"potentialAction":[{"@type":"SearchAction","target":{"@type":"EntryPoint","urlTemplate":"https:\/\/office.fujifilmprint.eu\/?s={search_term_string}"},"query-input":"required name=search_term_string"}],"inLanguage":"es"},{"@type":"Organization","@id":"https:\/\/office.fujifilmprint.eu\/#organization","name":"Fujifilm Impresoras de oficina EMEA","url":"https:\/\/office.fujifilmprint.eu\/","logo":{"@type":"ImageObject","inLanguage":"es","@id":"https:\/\/office.fujifilmprint.eu\/#\/schema\/logo\/image\/","url":"https:\/\/office.fujifilmprint.eu\/wp-content\/uploads\/2024\/05\/fujifilm-1.png","contentUrl":"https:\/\/office.fujifilmprint.eu\/wp-content\/uploads\/2024\/05\/fujifilm-1.png","width":416,"height":70,"caption":"Fujifilm Office Printers EMEA"},"image":{"@id":"https:\/\/office.fujifilmprint.eu\/#\/schema\/logo\/image\/"}}]}},"_links":{"self":[{"href":"https:\/\/office.fujifilmprint.eu\/es\/wp-json\/wp\/v2\/pages\/19493","targetHints":{"allow":["GET"]}}],"collection":[{"href":"https:\/\/office.fujifilmprint.eu\/es\/wp-json\/wp\/v2\/pages"}],"about":[{"href":"https:\/\/office.fujifilmprint.eu\/es\/wp-json\/wp\/v2\/types\/page"}],"author":[{"embeddable":true,"href":"https:\/\/office.fujifilmprint.eu\/es\/wp-json\/wp\/v2\/users\/7"}],"replies":[{"embeddable":true,"href":"https:\/\/office.fujifilmprint.eu\/es\/wp-json\/wp\/v2\/comments?post=19493"}],"version-history":[{"count":15,"href":"https:\/\/office.fujifilmprint.eu\/es\/wp-json\/wp\/v2\/pages\/19493\/revisions"}],"predecessor-version":[{"id":21568,"href":"https:\/\/office.fujifilmprint.eu\/es\/wp-json\/wp\/v2\/pages\/19493\/revisions\/21568"}],"wp:attachment":[{"href":"https:\/\/office.fujifilmprint.eu\/es\/wp-json\/wp\/v2\/media?parent=19493"}],"curies":[{"name":"wp","href":"https:\/\/api.w.org\/{rel}","templated":true}]}}