{"id":19491,"date":"2024-07-10T15:51:31","date_gmt":"2024-07-10T14:51:31","guid":{"rendered":"https:\/\/office-staging.fujifilmprint.eu\/?post_type=product&#038;p=19491"},"modified":"2025-07-14T17:31:33","modified_gmt":"2025-07-14T16:31:33","slug":"software-solutions","status":"publish","type":"product","link":"https:\/\/office.fujifilmprint.eu\/es\/product\/software-solutions\/","title":{"rendered":"Soluciones de software"},"content":{"rendered":"<section id=\"black-header\">\n\t<div class=\"container-fluid black-pt\" style=\"background-image: url('https:\/\/office.fujifilmprint.eu\/wp-content\/uploads\/2024\/07\/softwaresolutions-header-2500x800-2.jpg');background-size: cover;padding: 0;\">\n\t<div class=\"overlay\" style=\"padding: 200px 0;\">\t\t<div class=\"container\">\n\t\t\t<h2 style=\"line-height: 80px;\">\n\t\t\t\tSoluciones de software\t\t\t<\/h2>\n\t\t\t<h3>\n\t\t\t\tOptimice su experiencia Apeos con nuestros socios\t\t\t<\/h3>\n\t\t<\/div>\n\t<\/div>\t<\/div>\n<\/section>\n\n<div style=\"height:50px;\">\n<\/div>\n\n<section id=\"txt-header\">\n\t<div class=\"container block-text-header\">\n\t\t<h3><\/h3>\n\t\t<h2><\/h2>\n\t\t<p><p><span data-contrast=\"auto\">Trabajamos con los principales proveedores de soluciones de gesti\u00f3n de impresi\u00f3n y producci\u00f3n de todo el mundo, con capacidad para ofrecer gesti\u00f3n de controladores, soluciones de impresi\u00f3n seguras y sistemas de flujo de trabajo. Estas soluciones est\u00e1n disponibles desde soluciones en las propias instalaciones, en la nube p\u00fablica, en la nube privada o incluso en soluciones h\u00edbridas. Ofrecemos un sistema abierto que funciona con la mejor tecnolog\u00eda del mercado, y que hace que los dispositivos MFP Apeos junto al sistema operativo de Fujifilm aporten a sus clientes las mejores soluciones posibles. <\/span><span data-ccp-props=\"{&quot;201341983&quot;:0,&quot;335559739&quot;:160,&quot;335559740&quot;:256}\">\u00a0<\/span><\/p>\n<p><span data-contrast=\"auto\">Siga leyendo para obtener m\u00e1s informaci\u00f3n acerca de todos los proveedores de software con los que trabajamos:<\/span><\/p>\n<\/p>\n\t<\/div>\n<\/section>\n\n<section id=\"txt-header\">\n\t<div class=\"container block-text-header\">\n\t\t<h3><\/h3>\n\t\t<h2><\/h2>\n\t\t<p><p><img loading=\"lazy\" decoding=\"async\" class=\"aligncenter wp-image-20465\" src=\"https:\/\/office.fujifilmprint.eu\/wp-content\/uploads\/2024\/07\/tungsten-logo.svg\" alt=\"\" width=\"700\" height=\"124\" \/><\/p>\n<p><span data-contrast=\"auto\"><strong>Tungsten Automation<\/strong>anteriormente Kofax, lleva casi cuatro d\u00e9cadas siendo una empresa pionera en la transformaci\u00f3n de los flujos de trabajo digitales. En la actualidad, es reconocida como l\u00edder en automatizaci\u00f3n inteligente de flujos de trabajo, ofreciendo a las empresas soluciones solventes para automatizar sus flujos de trabajo m\u00e1s intensivos en datos.<\/span><\/p>\n<p><span data-contrast=\"auto\">La dilatada alianza global con Fujifilm ha permitido a Tungsten Automation integrar sus soluciones de seguridad y automatizaci\u00f3n de documentos con los dispositivos de Fujifilm. Esta colaboraci\u00f3n permite dar soporte a Control Suite, una plataforma que ofrece soluciones integrales de impresi\u00f3n y captura, desde SMB a flujos de trabajo completamente integrados en sectores como la empresa, la administraci\u00f3n o la sanidad.<\/span><\/p>\n<p><span data-contrast=\"auto\">Fujifilm fue de las primeras empresas en adoptar la infraestructura Printix Cloud Print, que permite a las organizaciones administrar entornos de impresi\u00f3n con facilidad, ofreciendo funciones como la impresi\u00f3n m\u00f3vil, la impresi\u00f3n segura y el control de costes. Con los dispositivos MFP de Fujifilm, tanto Control Suite como Printix operan con clientes totalmente unificados e integrados, lo que optimiza la experiencia de usuario y agiliza las operaciones. <\/span><span data-ccp-props=\"{&quot;201341983&quot;:0,&quot;335559739&quot;:160,&quot;335559740&quot;:256}\">\u00a0<\/span><\/p>\n<\/p>\n\t<\/div>\n<\/section>\n\n<section id=\"txt-header\">\n\t<div class=\"container block-text-header\">\n\t\t<h3><\/h3>\n\t\t<h2><\/h2>\n\t\t<p><p><img loading=\"lazy\" decoding=\"async\" class=\"aligncenter wp-image-20467\" src=\"https:\/\/office.fujifilmprint.eu\/wp-content\/uploads\/2024\/07\/printerlogic.svg\" alt=\"\" width=\"700\" height=\"93\" \/><\/p>\n<p><span class=\"TextRun Highlight SCXW85242543 BCX8\" lang=\"EN-GB\" xml:lang=\"EN-GB\" data-contrast=\"none\"><strong><span class=\"NormalTextRun SpellingErrorV2Themed SCXW85242543 BCX8\">PrinterLogic<\/span><\/strong><span class=\"NormalTextRun SCXW85242543 BCX8\"> es una <\/span><span class=\"NormalTextRun SCXW85242543 BCX8\">avanzada soluci\u00f3n<\/span><span class=\"NormalTextRun SCXW85242543 BCX8\"> de gesti\u00f3n de impresi\u00f3n dise\u00f1ada para simplificar y agilizar los procesos de impresi\u00f3n en las organizaciones modernas. En un contexto en que las empresas evolucionan y aumenta la demanda de soluciones de impresi\u00f3n eficientes y rentables, <\/span><span class=\"NormalTextRun SpellingErrorV2Themed SCXW85242543 BCX8\">PrinterLogic<\/span> <span class=\"NormalTextRun SCXW85242543 BCX8\">surge como<\/span><span class=\"NormalTextRun SCXW85242543 BCX8\"> una herramienta transformadora que <\/span><span class=\"NormalTextRun SCXW85242543 BCX8\">elimina<\/span><span class=\"NormalTextRun SCXW85242543 BCX8\"> complejidades tradicionalmente asociadas a los servidores de impresi\u00f3n. Esta soluci\u00f3n proporciona una plataforma centralizada que permite a los administradores de TI gestionar impresoras, controladores y configuraciones de usuario con una facilidad sin precedentes, mejorando la productividad general y reduciendo los costes operativos.<\/span><\/span><span class=\"LineBreakBlob BlobObject DragDrop SCXW85242543 BCX8\"><span class=\"SCXW85242543 BCX8\">\u00a0<\/span><br class=\"SCXW85242543 BCX8\" \/><\/span><span class=\"LineBreakBlob BlobObject DragDrop SCXW85242543 BCX8\"><span class=\"SCXW85242543 BCX8\">\u00a0<\/span><\/span><span class=\"LineBreakBlob BlobObject DragDrop SCXW85242543 BCX8\"><br class=\"SCXW85242543 BCX8\" \/><\/span><span class=\"TextRun Highlight SCXW85242543 BCX8\" lang=\"EN-GB\" xml:lang=\"EN-GB\" data-contrast=\"none\"><span class=\"NormalTextRun SpellingErrorV2Themed SCXW85242543 BCX8\">La interfaz<\/span><span class=\"NormalTextRun SCXW85242543 BCX8\"> intuitiva y las s\u00f3lidas funciones de PrinterLogic permiten a las organizaciones implantar y gestionar impresoras en diversos entornos, como grandes empresas, instituciones educativas y centros sanitarios. Funciones como la instalaci\u00f3n de impresoras en modo de autoservicio, las completas herramientas de auditor\u00eda e informes y la compatibilidad con la impresi\u00f3n m\u00f3vil responden a las necesidades espec\u00edficas de distintos grupos de usuarios, lo que la convierte en una soluci\u00f3n vers\u00e1til.<\/span><\/span><span class=\"LineBreakBlob BlobObject DragDrop SCXW85242543 BCX8\"><span class=\"SCXW85242543 BCX8\">\u00a0<\/span><br class=\"SCXW85242543 BCX8\" \/><\/span><span class=\"LineBreakBlob BlobObject DragDrop SCXW85242543 BCX8\"><span class=\"SCXW85242543 BCX8\">\u00a0<\/span><br class=\"SCXW85242543 BCX8\" \/><\/span><span class=\"TextRun Highlight SCXW85242543 BCX8\" lang=\"EN-GB\" xml:lang=\"EN-GB\" data-contrast=\"none\"><span class=\"NormalTextRun SCXW85242543 BCX8\">La seguridad es otra de las piedras angulares <\/span><span class=\"NormalTextRun SpellingErrorV2Themed SCXW85242543 BCX8\">en la<\/span><span class=\"NormalTextRun SCXW85242543 BCX8\"> propuesta de valor de PrinterLogic. Integra medidas de seguridad avanzadas para proteger los datos confidenciales y garantizar el cumplimiento de las normas del sector. Al ofrecer protocolos seguros de impresi\u00f3n y cifrado, <\/span><span class=\"NormalTextRun SpellingErrorV2Themed SCXW85242543 BCX8\">PrinterLogic<\/span><span class=\"NormalTextRun SCXW85242543 BCX8\"> ayuda a proteger la informaci\u00f3n confidencial de las organizaciones.<\/span><\/span><\/p>\n<\/p>\n\t<\/div>\n<\/section>\n\n<section id=\"txt-header\">\n\t<div class=\"container block-text-header\">\n\t\t<h3><\/h3>\n\t\t<h2><\/h2>\n\t\t<p><p><img loading=\"lazy\" decoding=\"async\" class=\"aligncenter wp-image-20469 size-full\" src=\"https:\/\/office.fujifilmprint.eu\/wp-content\/uploads\/2024\/07\/papercut.png\" alt=\"\" width=\"407\" height=\"124\" srcset=\"https:\/\/office.fujifilmprint.eu\/wp-content\/uploads\/2024\/07\/papercut.png 407w, https:\/\/office.fujifilmprint.eu\/wp-content\/uploads\/2024\/07\/papercut-300x91.png 300w, https:\/\/office.fujifilmprint.eu\/wp-content\/uploads\/2024\/07\/papercut-18x5.png 18w\" sizes=\"auto, (max-width: 407px) 100vw, 407px\" \/><\/p>\n<p><span data-contrast=\"none\">Lleva m\u00e1s de 25 a\u00f1os <strong>PaperCut<\/strong> creando software inteligente para impresoras <\/span><span data-contrast=\"none\">y ayudando a personas de todo el mundo a minimizar los residuos para que puedan, al mismo tiempo, disfrutar de una experiencia de impresi\u00f3n segura y sencilla.<\/span><span data-ccp-props=\"{&quot;201341983&quot;:0,&quot;335557856&quot;:16777215,&quot;335559739&quot;:0,&quot;335559740&quot;:240}\">\u00a0<\/span><\/p>\n<p><span data-contrast=\"none\">A nivel comercial, la flexibilidad de PaperCut permite a las empresas pasar sin problemas del trabajo en las propias instalaciones a la nube en todas las fases a trav\u00e9s de una tarificaci\u00f3n unificada. Tanto si su empresa ya est\u00e1 preparada para la nube como si desea sentar las bases para pasar a ella, su flexibilidad le proporcionar\u00e1 un modelo que se adapte a su empresa.<\/span><\/p>\n<p><span data-contrast=\"none\">El compromiso de PaperCut con la sostenibilidad se basa en la convicci\u00f3n de que la sostenibilidad medioambiental tiene m\u00faltiples facetas. Podr\u00eda ser el reconocimiento de su estatus de empresa con certificaci\u00f3n B-Corp o el programa Forest Positive de PaperCut Grows, comprometi\u00e9ndose a plantar m\u00e1s \u00e1rboles de los que utiliza su organizaci\u00f3n para imprimir.<\/span><\/p>\n<\/p>\n\t<\/div>\n<\/section>\n\n<section id=\"txt-header\">\n\t<div class=\"container block-text-header\">\n\t\t<h3><\/h3>\n\t\t<h2><\/h2>\n\t\t<p><p><img loading=\"lazy\" decoding=\"async\" class=\"aligncenter wp-image-20470 size-full\" src=\"https:\/\/office.fujifilmprint.eu\/wp-content\/uploads\/2024\/07\/ysof.jpg\" alt=\"\" width=\"200\" height=\"200\" srcset=\"https:\/\/office.fujifilmprint.eu\/wp-content\/uploads\/2024\/07\/ysof.jpg 200w, https:\/\/office.fujifilmprint.eu\/wp-content\/uploads\/2024\/07\/ysof-150x150.jpg 150w, https:\/\/office.fujifilmprint.eu\/wp-content\/uploads\/2024\/07\/ysof-12x12.jpg 12w\" sizes=\"auto, (max-width: 200px) 100vw, 200px\" \/><\/p>\n<p><span data-contrast=\"none\">Tanto si necesita simplificar la impresi\u00f3n como automatizar la comprobaci\u00f3n de dispositivos o digitalizar el aprendizaje de sus empleados,<strong> Y Soft<\/strong> est\u00e1 aqu\u00ed para facilitar la vida a su empresa y a su personal. <\/span><span data-contrast=\"none\">Independientemente de d\u00f3nde se encuentre en su viaje por la nube, Y Soft tendr\u00e1 una soluci\u00f3n de impresi\u00f3n preparada para el futuro para usted.<\/span><span data-ccp-props=\"{&quot;134233117&quot;:true,&quot;134233118&quot;:true,&quot;201341983&quot;:2,&quot;335557856&quot;:16777215,&quot;335559739&quot;:160,&quot;335559740&quot;:360}\">\u00a0<\/span><\/p>\n<p><span data-contrast=\"none\">Las soluciones de Y Soft han sido dise\u00f1adas para ayudar a su empresa a acelerar la transformaci\u00f3n de TI, potenciar el crecimiento de la empresa y de los empleados y crear formas de trabajar m\u00e1s eficientes. <\/span><span data-contrast=\"none\">Su enfoque de plataforma le permite a\u00f1adir sin problemas nuevas funciones (por ejemplo, la impresi\u00f3n en la nube) a su entorno de impresi\u00f3n.\u00a0<\/span><\/p>\n<p><span data-contrast=\"none\">Los sistemas de flujo de trabajo digitales y aut\u00f3nomos mejoran la productividad, permitiendo que los empleados puedan trabajar en tareas m\u00e1s cr\u00edticas. <\/span><span data-contrast=\"none\">Al trabajar con la plataforma Apeos de Fujifilm, tendr\u00e1s a tu disposici\u00f3n la soluci\u00f3n l\u00edder en el mercado. <\/span><span data-ccp-props=\"{&quot;201341983&quot;:0,&quot;335559739&quot;:160,&quot;335559740&quot;:256}\">\u00a0<\/span><\/p>\n<\/p>\n\t<\/div>\n<\/section>\n\n<section id=\"txt-header\">\n\t<div class=\"container block-text-header\">\n\t\t<h3><\/h3>\n\t\t<h2><\/h2>\n\t\t<p><p><img loading=\"lazy\" decoding=\"async\" class=\"aligncenter wp-image-21342 size-full\" src=\"https:\/\/office.fujifilmprint.eu\/wp-content\/uploads\/2024\/07\/mQ.png\" alt=\"\" width=\"375\" height=\"137\" srcset=\"https:\/\/office.fujifilmprint.eu\/wp-content\/uploads\/2024\/07\/mQ.png 375w, https:\/\/office.fujifilmprint.eu\/wp-content\/uploads\/2024\/07\/mQ-300x110.png 300w, https:\/\/office.fujifilmprint.eu\/wp-content\/uploads\/2024\/07\/mQ-18x7.png 18w\" sizes=\"auto, (max-width: 375px) 100vw, 375px\" \/><\/p>\n<p class=\"translation-block\"><strong>MyQ<\/strong> es f\u00e1cil y asequible para todos: esta es su visi\u00f3n de la (r)evoluci\u00f3n de la impresi\u00f3n y escaneo, incorporando 30 a\u00f1os de experiencia en la industria de la impresi\u00f3n. <strong>MyQ<\/strong> entiende que detr\u00e1s de cada documento hay una persona real que busca comodidad, seguridad y eficiencia en sus actividades diarias. Desde grandes agencias gubernamentales y oficinas corporativas hasta hospitales, bibliotecas escolares e incluso oficinas en casa, se especializan en adaptar su tecnolog\u00eda para proporcionar una eficiencia \u00f3ptima y interfaces amigables para todos.<\/p>\n<div class=\"elementToProof\">\n<p class=\"translation-block\">En m\u00e1s de 150 pa\u00edses alrededor del mundo, <strong>MyQ<\/strong>  ha asegurado y optimizado operaciones en m\u00e1s de 1 mill\u00f3n de impresoras, eliminando la burocracia innecesaria y haciendo que la impresi\u00f3n, el escaneo y el procesamiento de documentos sean m\u00e1s convenientes, accesibles y resilientes para m\u00e1s de 50 millones de usuarios. Y ahora est\u00e1n ayudando a todos sus clientes a migrar sus soluciones tradicionales de gesti\u00f3n de impresi\u00f3n basadas en servidores a la nube p\u00fablica.<\/p>\n<\/div>\n<\/p>\n\t<\/div>\n<\/section>\n\n<div style=\"height:20px;\">\n<\/div>\n\n\r\n<style>\r\n.icon-block-link{\r\n\ttext-decoration: none;\r\n\tcolor: black;\r\n}\r\n.icon-block-link:hover .poi-icons-printers .icon-block-icon{\r\n\ttransform: scale(1.2);\r\n    filter: invert(69%) sepia(96%) saturate(1997%) hue-rotate(120deg) brightness(99%) contrast(101%) !important;\r\n\ttransition: 0.4s;\r\n}\r\n<\/style>\r\n<section id=\"tc-icons\" class=\"printer-icons\">\r\n\t<div class=\"container block-three-column-icons\">\r\n\t\t<h2>Descubra la gama Apeos de impresoras MFP:<\/h2>\r\n\t\t<div class=\"row\" style=\"margin-top: 70px;\">\r\n\t\t\t\t\t\t\t\t\t\t\t\t<div class=\"col-sm\">\r\n                    <a href=\"https:\/\/office.fujifilmprint.eu\/es\/product\/apeos-c4030-series\/\" class=\"icon-block-link\">\r\n                        <div class=\"icons-flex\">\r\n                                <div class=\"poi-icons-printers\" style=\"background-color: transparent;\">\r\n                                    <img decoding=\"async\" class=\"icon-block-icon\" src=\"\/wp-content\/uploads\/2024\/08\/C4030.svg\" style=\"filter: brightness(0);\" \/>\r\n                                <\/div>\r\n                            <div class=\"icon-content\">\r\n                            <p>\r\n                                <strong>Serie Apeos C4030<\/strong>\r\n                            <\/p>\r\n                                <p style=\"padding: 0 15px;\">Impresi\u00f3n A4 sin sacrificar la calidad<\/p>\r\n                                <\/div>\r\n                        <\/div>\r\n                        <\/a>\r\n\t\t\t\t\t<\/div>\r\n\t\t\t\t\t\t\t\t\t<div class=\"col-sm\">\r\n                    <a href=\"https:\/\/office.fujifilmprint.eu\/es\/product\/apeos-c3060-series\/\" class=\"icon-block-link\">\r\n                        <div class=\"icons-flex\">\r\n                                <div class=\"poi-icons-printers\" style=\"background-color: transparent;\">\r\n                                    <img decoding=\"async\" class=\"icon-block-icon\" src=\"\/wp-content\/uploads\/2024\/08\/C3060.svg\" style=\"filter: brightness(0);\" \/>\r\n                                <\/div>\r\n                            <div class=\"icon-content\">\r\n                            <p>\r\n                                <strong>Serie Apeos C3060<\/strong>\r\n                            <\/p>\r\n                                <p style=\"padding: 0 15px;\">Impresi\u00f3n A3 configurable con la m\u00e1xima flexibilidad<\/p>\r\n                                <\/div>\r\n                        <\/div>\r\n                        <\/a>\r\n\t\t\t\t\t<\/div>\r\n\t\t\t\t\t\t\t\t\t<div class=\"col-sm\">\r\n                    <a href=\"https:\/\/office.fujifilmprint.eu\/es\/product\/apeos-c7070-series\/\" class=\"icon-block-link\">\r\n                        <div class=\"icons-flex\">\r\n                                <div class=\"poi-icons-printers\" style=\"background-color: transparent;\">\r\n                                    <img decoding=\"async\" class=\"icon-block-icon\" src=\"\/wp-content\/uploads\/2024\/08\/C7070.svg\" style=\"filter: brightness(0);\" \/>\r\n                                <\/div>\r\n                            <div class=\"icon-content\">\r\n                            <p>\r\n                                <strong>Serie Apeos C7070<\/strong>\r\n                            <\/p>\r\n                                <p style=\"padding: 0 15px;\">Impresi\u00f3n A3 robusta e intuitiva de altas prestaciones <br>Impresi\u00f3n A3<\/p>\r\n                                <\/div>\r\n                        <\/div>\r\n                        <\/a>\r\n\t\t\t\t\t<\/div>\r\n\t\t\t\t\t\t\t\t\t<\/div>\r\n\t<\/div>\r\n<\/section>\n\n<div style=\"height:100px;\">\n<\/div>\n\n<section id=\"dark-form\">\n\t<div id=\"footer-form\" class=\"container\">\n\t\t<h2>\u00bfTiene inter\u00e9s en nuestros socios de software? P\u00f3ngase en contacto con nosotros:<\/h2>\n\n\t\t  \r\n   \r\n  \r\n  \r\n<script src=\"\/\/info.fujifilm.eu\/js\/forms2\/js\/forms2.min.js\"><\/script> <form id=\"mktoForm_6122\" action=\"\"><input type=\"hidden\" name=\"trp-form-language\" value=\"es\"\/><\/form> <script>MktoForms2.loadForm(\"\/\/info.fujifilm.eu\", \"060-MIY-956\", 6122);<\/script> \r\n \r\n\r\n  \n\t\t<div id=\"confirmform\" style=\"visibility:hidden;\">\n                            <p><strong>Gracias por su consulta, alguien se pondr\u00e1 en contacto pronto.<\/strong><\/p>\n              \n        <\/div>\n\t<\/div>\n<\/section>","protected":false},"featured_media":0,"template":"","sector":[],"class_list":["post-19491","product","type-product","status-publish","hentry"],"acf":[],"yoast_head":"<!-- This site is optimized with the Yoast SEO plugin v22.5 - https:\/\/yoast.com\/wordpress\/plugins\/seo\/ -->\n<title>Software Solutions | Fujifilm Multifunction Office Printers EMEA<\/title>\n<meta name=\"description\" content=\"We have been working with the leading providers of print &amp; output management solutions worldwide. Find out more here.\" \/>\n<meta name=\"robots\" content=\"index, follow, max-snippet:-1, max-image-preview:large, max-video-preview:-1\" \/>\n<link rel=\"canonical\" href=\"https:\/\/office.fujifilmprint.eu\/es\/product\/software-solutions\/\" \/>\n<meta property=\"og:locale\" content=\"es_ES\" \/>\n<meta property=\"og:type\" content=\"article\" \/>\n<meta property=\"og:title\" content=\"Software Solutions | Fujifilm Multifunction Office Printers EMEA\" \/>\n<meta property=\"og:description\" content=\"We have been working with the leading providers of print &amp; output management solutions worldwide. Find out more here.\" \/>\n<meta property=\"og:url\" content=\"https:\/\/office.fujifilmprint.eu\/es\/product\/software-solutions\/\" \/>\n<meta property=\"og:site_name\" content=\"Fujifilm Office Printers EMEA\" \/>\n<meta property=\"article:modified_time\" content=\"2025-07-14T16:31:33+00:00\" \/>\n<meta name=\"twitter:card\" content=\"summary_large_image\" \/>\n<script type=\"application\/ld+json\" class=\"yoast-schema-graph\">{\"@context\":\"https:\/\/schema.org\",\"@graph\":[{\"@type\":\"WebPage\",\"@id\":\"https:\/\/office.fujifilmprint.eu\/product\/software-solutions\/\",\"url\":\"https:\/\/office.fujifilmprint.eu\/product\/software-solutions\/\",\"name\":\"Software Solutions | Fujifilm Multifunction Office Printers EMEA\",\"isPartOf\":{\"@id\":\"https:\/\/office.fujifilmprint.eu\/#website\"},\"datePublished\":\"2024-07-10T14:51:31+00:00\",\"dateModified\":\"2025-07-14T16:31:33+00:00\",\"description\":\"We have been working with the leading providers of print & output management solutions worldwide. Find out more here.\",\"breadcrumb\":{\"@id\":\"https:\/\/office.fujifilmprint.eu\/product\/software-solutions\/#breadcrumb\"},\"inLanguage\":\"es\",\"potentialAction\":[{\"@type\":\"ReadAction\",\"target\":[\"https:\/\/office.fujifilmprint.eu\/product\/software-solutions\/\"]}]},{\"@type\":\"BreadcrumbList\",\"@id\":\"https:\/\/office.fujifilmprint.eu\/product\/software-solutions\/#breadcrumb\",\"itemListElement\":[{\"@type\":\"ListItem\",\"position\":1,\"name\":\"Home\",\"item\":\"https:\/\/office.fujifilmprint.eu\/\"},{\"@type\":\"ListItem\",\"position\":2,\"name\":\"Products\",\"item\":\"https:\/\/office.fujifilmprint.eu\/product\/\"},{\"@type\":\"ListItem\",\"position\":3,\"name\":\"Software solutions\"}]},{\"@type\":\"WebSite\",\"@id\":\"https:\/\/office.fujifilmprint.eu\/#website\",\"url\":\"https:\/\/office.fujifilmprint.eu\/\",\"name\":\"Fujifilm Office Printers EMEA\",\"description\":\"\",\"publisher\":{\"@id\":\"https:\/\/office.fujifilmprint.eu\/#organization\"},\"potentialAction\":[{\"@type\":\"SearchAction\",\"target\":{\"@type\":\"EntryPoint\",\"urlTemplate\":\"https:\/\/office.fujifilmprint.eu\/?s={search_term_string}\"},\"query-input\":\"required name=search_term_string\"}],\"inLanguage\":\"es\"},{\"@type\":\"Organization\",\"@id\":\"https:\/\/office.fujifilmprint.eu\/#organization\",\"name\":\"Fujifilm Office Printers EMEA\",\"url\":\"https:\/\/office.fujifilmprint.eu\/\",\"logo\":{\"@type\":\"ImageObject\",\"inLanguage\":\"es\",\"@id\":\"https:\/\/office.fujifilmprint.eu\/#\/schema\/logo\/image\/\",\"url\":\"https:\/\/office.fujifilmprint.eu\/wp-content\/uploads\/2024\/05\/fujifilm-1.png\",\"contentUrl\":\"https:\/\/office.fujifilmprint.eu\/wp-content\/uploads\/2024\/05\/fujifilm-1.png\",\"width\":416,\"height\":70,\"caption\":\"Fujifilm Office Printers EMEA\"},\"image\":{\"@id\":\"https:\/\/office.fujifilmprint.eu\/#\/schema\/logo\/image\/\"}}]}<\/script>\n<!-- \/ Yoast SEO plugin. -->","yoast_head_json":{"title":"Software Solutions | Fujifilm Multifunction Office Printers EMEA","description":"Trabajamos con los principales proveedores de soluciones de gesti\u00f3n de impresi\u00f3n y producci\u00f3n de todo el mundo. Descubra m\u00e1s aqu\u00ed.","robots":{"index":"index","follow":"follow","max-snippet":"max-snippet:-1","max-image-preview":"max-image-preview:large","max-video-preview":"max-video-preview:-1"},"canonical":"https:\/\/office.fujifilmprint.eu\/es\/product\/software-solutions\/","og_locale":"es_ES","og_type":"article","og_title":"Software Solutions | Fujifilm Multifunction Office Printers EMEA","og_description":"We have been working with the leading providers of print & output management solutions worldwide. Find out more here.","og_url":"https:\/\/office.fujifilmprint.eu\/es\/product\/software-solutions\/","og_site_name":"Fujifilm Office Printers EMEA","article_modified_time":"2025-07-14T16:31:33+00:00","twitter_card":"summary_large_image","schema":{"@context":"https:\/\/schema.org","@graph":[{"@type":"WebPage","@id":"https:\/\/office.fujifilmprint.eu\/product\/software-solutions\/","url":"https:\/\/office.fujifilmprint.eu\/product\/software-solutions\/","name":"Software Solutions | Fujifilm Multifunction Office Printers EMEA","isPartOf":{"@id":"https:\/\/office.fujifilmprint.eu\/#website"},"datePublished":"2024-07-10T14:51:31+00:00","dateModified":"2025-07-14T16:31:33+00:00","description":"Trabajamos con los principales proveedores de soluciones de gesti\u00f3n de impresi\u00f3n y producci\u00f3n de todo el mundo. Descubra m\u00e1s aqu\u00ed.","breadcrumb":{"@id":"https:\/\/office.fujifilmprint.eu\/product\/software-solutions\/#breadcrumb"},"inLanguage":"es","potentialAction":[{"@type":"ReadAction","target":["https:\/\/office.fujifilmprint.eu\/product\/software-solutions\/"]}]},{"@type":"BreadcrumbList","@id":"https:\/\/office.fujifilmprint.eu\/product\/software-solutions\/#breadcrumb","itemListElement":[{"@type":"ListItem","position":1,"name":"Home","item":"https:\/\/office.fujifilmprint.eu\/"},{"@type":"ListItem","position":2,"name":"Products","item":"https:\/\/office.fujifilmprint.eu\/product\/"},{"@type":"ListItem","position":3,"name":"Software solutions"}]},{"@type":"WebSite","@id":"https:\/\/office.fujifilmprint.eu\/#website","url":"https:\/\/office.fujifilmprint.eu\/","name":"Fujifilm Impresoras de oficina EMEA","description":"","publisher":{"@id":"https:\/\/office.fujifilmprint.eu\/#organization"},"potentialAction":[{"@type":"SearchAction","target":{"@type":"EntryPoint","urlTemplate":"https:\/\/office.fujifilmprint.eu\/?s={search_term_string}"},"query-input":"required name=search_term_string"}],"inLanguage":"es"},{"@type":"Organization","@id":"https:\/\/office.fujifilmprint.eu\/#organization","name":"Fujifilm Impresoras de oficina EMEA","url":"https:\/\/office.fujifilmprint.eu\/","logo":{"@type":"ImageObject","inLanguage":"es","@id":"https:\/\/office.fujifilmprint.eu\/#\/schema\/logo\/image\/","url":"https:\/\/office.fujifilmprint.eu\/wp-content\/uploads\/2024\/05\/fujifilm-1.png","contentUrl":"https:\/\/office.fujifilmprint.eu\/wp-content\/uploads\/2024\/05\/fujifilm-1.png","width":416,"height":70,"caption":"Fujifilm Office Printers EMEA"},"image":{"@id":"https:\/\/office.fujifilmprint.eu\/#\/schema\/logo\/image\/"}}]}},"_links":{"self":[{"href":"https:\/\/office.fujifilmprint.eu\/es\/wp-json\/wp\/v2\/product\/19491","targetHints":{"allow":["GET"]}}],"collection":[{"href":"https:\/\/office.fujifilmprint.eu\/es\/wp-json\/wp\/v2\/product"}],"about":[{"href":"https:\/\/office.fujifilmprint.eu\/es\/wp-json\/wp\/v2\/types\/product"}],"wp:attachment":[{"href":"https:\/\/office.fujifilmprint.eu\/es\/wp-json\/wp\/v2\/media?parent=19491"}],"wp:term":[{"taxonomy":"sector","embeddable":true,"href":"https:\/\/office.fujifilmprint.eu\/es\/wp-json\/wp\/v2\/sector?post=19491"}],"curies":[{"name":"wp","href":"https:\/\/api.w.org\/{rel}","templated":true}]}}