{"id":19484,"date":"2024-07-10T15:47:23","date_gmt":"2024-07-10T14:47:23","guid":{"rendered":"https:\/\/office-staging.fujifilmprint.eu\/?page_id=19484"},"modified":"2026-01-12T15:01:39","modified_gmt":"2026-01-12T14:01:39","slug":"where-to-buy","status":"publish","type":"page","link":"https:\/\/office.fujifilmprint.eu\/fr\/where-to-buy\/","title":{"rendered":"Points de vente"},"content":{"rendered":"<section id=\"black-header\">\n\t<div class=\"container-fluid black-pt\" style=\"background-image: url('https:\/\/office.fujifilmprint.eu\/wp-content\/uploads\/2024\/06\/apeos-howtobuybanner-2500x1107-1.jpg');background-size: cover;padding: 0;\">\n\t<div class=\"overlay\" style=\"padding: 200px 0;\">\t\t<div class=\"container\">\n\t\t\t<h2 style=\"line-height: 80px;\">\n\t\t\t\tPoints de vente\t\t\t<\/h2>\n\t\t\t<h3>\n\t\t\t\tTrouvez le revendeur Apeos le plus proche au Royaume-Uni\t\t\t<\/h3>\n\t\t<\/div>\n\t<\/div>\t<\/div>\n<\/section>\n\n<div style=\"height:20px;\">\n<\/div>\n\n<section id=\"txt-header\">\n\t<div class=\"container block-text-header\">\n\t\t<h3><\/h3>\n\t\t<h2>Sites partenaires et salles d'exposition<\/h2>\n\t\t<p><p>Trouvez votre bureau le plus proche ci-dessous :<\/p>\n<\/p>\n\t<\/div>\n<\/section>\n\n\n\n\n\n\n\n\n\n\n<section id=\"dark-form\">\n\t<div id=\"footer-form\" class=\"container\">\n\t\t<h2>Vous souhaitez parler \u00e0 un repr\u00e9sentant Fujifilm\u00a0? N\u2019h\u00e9sitez pas \u00e0 nous contacter via l\u2019un des canaux suivants\u00a0:<\/h2>\n\n\t\t  \r\n  \r\n<script src=\"\/\/info.fujifilm.eu\/js\/forms2\/js\/forms2.min.js\"><\/script> <form id=\"mktoForm_6123\" action=\"\"><input type=\"hidden\" name=\"trp-form-language\" value=\"fr\"\/><\/form> <script>MktoForms2.loadForm(\"\/\/info.fujifilm.eu\", \"060-MIY-956\", 6123);<\/script> \r\n   \r\n  \r\n \r\n\r\n  \n\t\t<div id=\"confirmform\" style=\"visibility:hidden;\">\n                            <p><strong>Merci pour votre demande, quelqu&#039;un vous contactera bient\u00f4t.<\/strong><\/p>\n              \n        <\/div>\n\t<\/div>\n<\/section>","protected":false},"excerpt":{"rendered":"","protected":false},"author":7,"featured_media":0,"parent":0,"menu_order":0,"comment_status":"closed","ping_status":"closed","template":"","meta":{"inline_featured_image":false,"footnotes":""},"class_list":["post-19484","page","type-page","status-publish","hentry"],"acf":[],"yoast_head":"<!-- This site is optimized with the Yoast SEO plugin v22.5 - https:\/\/yoast.com\/wordpress\/plugins\/seo\/ -->\n<title>Where to buy | Fujifilm Apeos Multifunction Printers EMEA<\/title>\n<meta name=\"description\" content=\"The Apeos range is brought to market through our network of partners. Find your nearest reseller and start the conversation here.\" \/>\n<meta name=\"robots\" content=\"index, follow, max-snippet:-1, max-image-preview:large, max-video-preview:-1\" \/>\n<link rel=\"canonical\" href=\"https:\/\/office.fujifilmprint.eu\/fr\/where-to-buy\/\" \/>\n<meta property=\"og:locale\" content=\"fr_FR\" \/>\n<meta property=\"og:type\" content=\"article\" \/>\n<meta property=\"og:title\" content=\"Where to buy | Fujifilm Apeos Multifunction Printers EMEA\" \/>\n<meta property=\"og:description\" content=\"The Apeos range is brought to market through our network of partners. Find your nearest reseller and start the conversation here.\" \/>\n<meta property=\"og:url\" content=\"https:\/\/office.fujifilmprint.eu\/fr\/where-to-buy\/\" \/>\n<meta property=\"og:site_name\" content=\"Fujifilm Office Printers EMEA\" \/>\n<meta property=\"article:modified_time\" content=\"2026-01-12T14:01:39+00:00\" \/>\n<meta name=\"twitter:card\" content=\"summary_large_image\" \/>\n<meta name=\"twitter:label1\" content=\"Dur\u00e9e de lecture estim\u00e9e\" \/>\n\t<meta name=\"twitter:data1\" content=\"1 minute\" \/>\n<script type=\"application\/ld+json\" class=\"yoast-schema-graph\">{\"@context\":\"https:\/\/schema.org\",\"@graph\":[{\"@type\":\"WebPage\",\"@id\":\"https:\/\/office.fujifilmprint.eu\/where-to-buy\/\",\"url\":\"https:\/\/office.fujifilmprint.eu\/where-to-buy\/\",\"name\":\"Where to buy | Fujifilm Apeos Multifunction Printers EMEA\",\"isPartOf\":{\"@id\":\"https:\/\/office.fujifilmprint.eu\/#website\"},\"datePublished\":\"2024-07-10T14:47:23+00:00\",\"dateModified\":\"2026-01-12T14:01:39+00:00\",\"description\":\"The Apeos range is brought to market through our network of partners. Find your nearest reseller and start the conversation here.\",\"breadcrumb\":{\"@id\":\"https:\/\/office.fujifilmprint.eu\/where-to-buy\/#breadcrumb\"},\"inLanguage\":\"fr-FR\",\"potentialAction\":[{\"@type\":\"ReadAction\",\"target\":[\"https:\/\/office.fujifilmprint.eu\/where-to-buy\/\"]}]},{\"@type\":\"BreadcrumbList\",\"@id\":\"https:\/\/office.fujifilmprint.eu\/where-to-buy\/#breadcrumb\",\"itemListElement\":[{\"@type\":\"ListItem\",\"position\":1,\"name\":\"Home\",\"item\":\"https:\/\/office.fujifilmprint.eu\/\"},{\"@type\":\"ListItem\",\"position\":2,\"name\":\"Where to buy\"}]},{\"@type\":\"WebSite\",\"@id\":\"https:\/\/office.fujifilmprint.eu\/#website\",\"url\":\"https:\/\/office.fujifilmprint.eu\/\",\"name\":\"Fujifilm Office Printers EMEA\",\"description\":\"\",\"publisher\":{\"@id\":\"https:\/\/office.fujifilmprint.eu\/#organization\"},\"potentialAction\":[{\"@type\":\"SearchAction\",\"target\":{\"@type\":\"EntryPoint\",\"urlTemplate\":\"https:\/\/office.fujifilmprint.eu\/?s={search_term_string}\"},\"query-input\":\"required name=search_term_string\"}],\"inLanguage\":\"fr-FR\"},{\"@type\":\"Organization\",\"@id\":\"https:\/\/office.fujifilmprint.eu\/#organization\",\"name\":\"Fujifilm Office Printers EMEA\",\"url\":\"https:\/\/office.fujifilmprint.eu\/\",\"logo\":{\"@type\":\"ImageObject\",\"inLanguage\":\"fr-FR\",\"@id\":\"https:\/\/office.fujifilmprint.eu\/#\/schema\/logo\/image\/\",\"url\":\"https:\/\/office.fujifilmprint.eu\/wp-content\/uploads\/2024\/05\/fujifilm-1.png\",\"contentUrl\":\"https:\/\/office.fujifilmprint.eu\/wp-content\/uploads\/2024\/05\/fujifilm-1.png\",\"width\":416,\"height\":70,\"caption\":\"Fujifilm Office Printers EMEA\"},\"image\":{\"@id\":\"https:\/\/office.fujifilmprint.eu\/#\/schema\/logo\/image\/\"}}]}<\/script>\n<!-- \/ Yoast SEO plugin. -->","yoast_head_json":{"title":"O\u00f9 acheter | Fujifilm Apeos Multifunction Printers EMEA","description":"La gamme Apeos est commercialis\u00e9e par notre r\u00e9seau de partenaires. Trouvez le revendeur le plus proche de chez vous et entamez la conversation ici.","robots":{"index":"index","follow":"follow","max-snippet":"max-snippet:-1","max-image-preview":"max-image-preview:large","max-video-preview":"max-video-preview:-1"},"canonical":"https:\/\/office.fujifilmprint.eu\/fr\/where-to-buy\/","og_locale":"fr_FR","og_type":"article","og_title":"Where to buy | Fujifilm Apeos Multifunction Printers EMEA","og_description":"The Apeos range is brought to market through our network of partners. Find your nearest reseller and start the conversation here.","og_url":"https:\/\/office.fujifilmprint.eu\/fr\/where-to-buy\/","og_site_name":"Fujifilm Office Printers EMEA","article_modified_time":"2026-01-12T14:01:39+00:00","twitter_card":"summary_large_image","twitter_misc":{"Dur\u00e9e de lecture estim\u00e9e":"1 minute"},"schema":{"@context":"https:\/\/schema.org","@graph":[{"@type":"WebPage","@id":"https:\/\/office.fujifilmprint.eu\/where-to-buy\/","url":"https:\/\/office.fujifilmprint.eu\/where-to-buy\/","name":"O\u00f9 acheter | Fujifilm Apeos Multifunction Printers EMEA","isPartOf":{"@id":"https:\/\/office.fujifilmprint.eu\/#website"},"datePublished":"2024-07-10T14:47:23+00:00","dateModified":"2026-01-12T14:01:39+00:00","description":"La gamme Apeos est commercialis\u00e9e par notre r\u00e9seau de partenaires. Trouvez le revendeur le plus proche de chez vous et entamez la conversation ici.","breadcrumb":{"@id":"https:\/\/office.fujifilmprint.eu\/where-to-buy\/#breadcrumb"},"inLanguage":"fr-FR","potentialAction":[{"@type":"ReadAction","target":["https:\/\/office.fujifilmprint.eu\/where-to-buy\/"]}]},{"@type":"BreadcrumbList","@id":"https:\/\/office.fujifilmprint.eu\/where-to-buy\/#breadcrumb","itemListElement":[{"@type":"ListItem","position":1,"name":"Home","item":"https:\/\/office.fujifilmprint.eu\/"},{"@type":"ListItem","position":2,"name":"Where to buy"}]},{"@type":"WebSite","@id":"https:\/\/office.fujifilmprint.eu\/#website","url":"https:\/\/office.fujifilmprint.eu\/","name":"Fujifilm Imprimantes de bureau EMEA","description":"","publisher":{"@id":"https:\/\/office.fujifilmprint.eu\/#organization"},"potentialAction":[{"@type":"SearchAction","target":{"@type":"EntryPoint","urlTemplate":"https:\/\/office.fujifilmprint.eu\/?s={search_term_string}"},"query-input":"required name=search_term_string"}],"inLanguage":"fr-FR"},{"@type":"Organization","@id":"https:\/\/office.fujifilmprint.eu\/#organization","name":"Fujifilm Imprimantes de bureau EMEA","url":"https:\/\/office.fujifilmprint.eu\/","logo":{"@type":"ImageObject","inLanguage":"fr-FR","@id":"https:\/\/office.fujifilmprint.eu\/#\/schema\/logo\/image\/","url":"https:\/\/office.fujifilmprint.eu\/wp-content\/uploads\/2024\/05\/fujifilm-1.png","contentUrl":"https:\/\/office.fujifilmprint.eu\/wp-content\/uploads\/2024\/05\/fujifilm-1.png","width":416,"height":70,"caption":"Fujifilm Office Printers EMEA"},"image":{"@id":"https:\/\/office.fujifilmprint.eu\/#\/schema\/logo\/image\/"}}]}},"_links":{"self":[{"href":"https:\/\/office.fujifilmprint.eu\/fr\/wp-json\/wp\/v2\/pages\/19484","targetHints":{"allow":["GET"]}}],"collection":[{"href":"https:\/\/office.fujifilmprint.eu\/fr\/wp-json\/wp\/v2\/pages"}],"about":[{"href":"https:\/\/office.fujifilmprint.eu\/fr\/wp-json\/wp\/v2\/types\/page"}],"author":[{"embeddable":true,"href":"https:\/\/office.fujifilmprint.eu\/fr\/wp-json\/wp\/v2\/users\/7"}],"replies":[{"embeddable":true,"href":"https:\/\/office.fujifilmprint.eu\/fr\/wp-json\/wp\/v2\/comments?post=19484"}],"version-history":[{"count":119,"href":"https:\/\/office.fujifilmprint.eu\/fr\/wp-json\/wp\/v2\/pages\/19484\/revisions"}],"predecessor-version":[{"id":21715,"href":"https:\/\/office.fujifilmprint.eu\/fr\/wp-json\/wp\/v2\/pages\/19484\/revisions\/21715"}],"wp:attachment":[{"href":"https:\/\/office.fujifilmprint.eu\/fr\/wp-json\/wp\/v2\/media?parent=19484"}],"curies":[{"name":"wp","href":"https:\/\/api.w.org\/{rel}","templated":true}]}}