{"id":19596,"date":"2024-07-16T16:08:20","date_gmt":"2024-07-16T15:08:20","guid":{"rendered":"https:\/\/office-staging.fujifilmprint.eu\/?page_id=19596"},"modified":"2025-07-14T17:30:45","modified_gmt":"2025-07-14T16:30:45","slug":"sustainability","status":"publish","type":"page","link":"https:\/\/office.fujifilmprint.eu\/fr\/sustainability\/","title":{"rendered":"Durabilit\u00e9"},"content":{"rendered":"<section id=\"green-header\">\n\t<div class=\"container-fluid green-pt\" style=\"background-image: url('https:\/\/office.fujifilmprint.eu\/wp-content\/uploads\/2024\/09\/sustainability-header-2000x324-1.jpg');background-size: cover;padding: 0;\">\n\t<div class=\"overlay\" style=\"padding: 75px 0;\">\t\t<div class=\"container\">\n\t\t\t<h2 style=\"color: #00e5c2;\">\n\t\t\t\t La durabilit\u00e9 vous tient \u00e0 c\u0153ur\t\t\t<\/h2>\n\t\t\t<h3 style=\"color: #fff;margin-top: 25px;letter-spacing: -1px;font-size: 29px;font-weight: 500;\">\n\t\t\t\tInitiatives en faveur de l\u2019environnement\t\t\t<\/h3>\n\t\t<\/div>\n\t<\/div>\t<\/div>\n<\/section>\n\n<div style=\"height:50px;\">\n<\/div>\n\n<section id=\"txt-header\">\n\t<div class=\"container block-text-header\">\n\t\t<h3>Pourquoi Apeos\u00a0?<\/h3>\n\t\t<h2>Des technologies environnementales innovantes qui r\u00e9duisent la consommation d\u2019\u00e9nergie et am\u00e9liorent l\u2019efficacit\u00e9 \u00e9nerg\u00e9tique globale<\/h2>\n\t\t<p><p>Selon Fujifilm, la notion d\u2019impression durable implique souvent l\u2019adoption de nouvelles technologies et pratiques qui renforcent l\u2019efficacit\u00e9 globale. Cela peut mener \u00e0 des innovations qui profitent \u00e9galement \u00e0 d\u2019autres services de l\u2019entreprise. L\u2019impression durable permet de pr\u00e9server l\u2019environnement, mais s\u2019inscrit \u00e9galement dans le cadre d\u2019objectifs plus larges de responsabilit\u00e9 soci\u00e9tale de l\u2019entreprise.<\/p>\n<p>Fujifilm a commenc\u00e9 \u00e0 d\u00e9velopper des technologies environnementales, y compris des appareils multifonctions plus efficaces sur le plan \u00e9nerg\u00e9tique et un toner utilisable \u00e0 basse temp\u00e9rature de fusion, mais aussi \u00e0 r\u00e9utiliser et \u00e0 recycler des produits bien avant les autres acteurs du secteur.<\/p>\n<p>L\u2019adoption de pratiques d\u2019impression durables au sein de votre entreprise contribuera \u00e0 r\u00e9duire le volume de d\u00e9chets g\u00e9n\u00e9r\u00e9s (g\u00e2che papier, emballages et d\u00e9chets \u00e9lectroniques provenant des cartouches d\u2019imprimantes et des \u00e9quipements). Il est ainsi possible de r\u00e9aliser d\u2019importantes \u00e9conomies en r\u00e9duisant sa consommation de papier, d\u2019encre et d\u2019\u00e9nergie. Une meilleure utilisation des ressources permet de r\u00e9duire ses d\u00e9penses d\u2019exploitation.<\/p>\n<p>Pour finir, montrer son engagement en faveur du d\u00e9veloppement durable contribue \u00e0 renforcer la r\u00e9putation de l\u2019entreprise. Ce faisant, l\u2019entreprise fait savoir aux parties prenantes (clients, collaborateurs et investisseurs), qu\u2019elle est responsable et r\u00e9solument tourn\u00e9e vers l\u2019avenir. De nombreux collaborateurs pr\u00e9f\u00e8rent travailler pour des entreprises soucieuses du d\u00e9veloppement durable. L\u2019adoption de pratiques \u00e9cologiques peut stimuler le moral et l\u2019engagement, et ainsi favoriser une culture d\u2019entreprise positive.<\/p>\n<\/p>\n\t<\/div>\n<\/section>\n\n<section id=\"txt-header\">\n\t<div class=\"container block-text-header\">\n\t\t<h3>Initiatives cl\u00e9s<\/h3>\n\t\t<h2><\/h2>\n\t\t<p><p><strong>DES PRODUITS \u00c9COLOGIQUES:<\/strong> La gamme Apeos, qui fait partie des produits et services \u00e9coresponsables de Fujifilm, a obtenu les certifications \u00ab\u00a0Silver\u00a0\u00bb et \u00ab\u00a0Gold\u00a0\u00bb du programme \u00ab\u00a0Green Value Products\u00a0\u00bb de Fujifilm. Elle contribue donc \u00e0 r\u00e9duire l\u2019impact environnemental \u00e0 un niveau plus \u00e9lev\u00e9 que les normes industrielles.<\/p>\n<p><strong>PLASTIQUE RECYCL\u00c9 ET PLASTIQUE BIOSOURC\u00c9 IGNIFUGE:<\/strong> Nous utilisons du plastique recycl\u00e9 pour certaines de nos pi\u00e8ces en plastique. De plus, pour r\u00e9duire l\u2019utilisation de plastiques \u00e0 base de p\u00e9trole, nous utilisons des pi\u00e8ces en plastique biosourc\u00e9 ignifuges fabriqu\u00e9es \u00e0 partir de \u00ab cellulose \u00bb obtenue \u00e0 partir de mat\u00e9riaux en bois.<\/p>\n<p><img loading=\"lazy\" decoding=\"async\" class=\"wp-image-20795 aligncenter\" src=\"https:\/\/office.fujifilmprint.eu\/wp-content\/uploads\/2024\/10\/FUJ13556-Infographics-v3-FR-08.svg\" alt=\"\" width=\"1031\" height=\"539\" \/><\/p>\n<p><strong>PR\u00c9SERVATION DES RESSOURCES:\u00a0<\/strong>Dot\u00e9e de fonctions permettant de limiter la consommation de papier (impression priv\u00e9e payante, num\u00e9risation, fax sans papier, pages par c\u00f4t\u00e9, x-en-un, etc.).<\/p>\n<p><strong>CONSERVATION DE L\u2019\u00c9NERGIE:\u00a0<\/strong>Adoption des technologies de fusion IH garantissant un chauffage rapide et \u00e9liminant la n\u00e9cessit\u00e9 d\u2019un pr\u00e9chauffage en modes veille ou \u00e9conomie d\u2019\u00e9nergie, ce qui permet de r\u00e9duire la consommation d\u2019\u00e9nergie. En outre, la fonction \u00e9conomie d\u2019\u00e9nergie intelligente met uniquement les composants requis sous tension selon les fonctions utilis\u00e9es.<\/p>\n<p><img loading=\"lazy\" decoding=\"async\" class=\"aligncenter wp-image-20798\" src=\"https:\/\/office.fujifilmprint.eu\/wp-content\/uploads\/2024\/10\/FUJ13556-Infographics-v3-FR-23-v3.svg\" alt=\"\" width=\"717\" height=\"468\" \/><img decoding=\"async\" class=\"aligncenter wp-image-20802 size-full\" src=\"https:\/\/office.fujifilmprint.eu\/wp-content\/uploads\/2024\/10\/FUJ13556-Infographics-v3-FR-24-v2-1.svg\" alt=\"\" \/><\/p>\n<p><strong>TECHNOLOGIE INTELLIGENTE PERMETTANT D\u2019\u00c9CONOMISER DE L\u2019\u00c9NERGIE:<\/strong> S\u2019active et se d\u00e9sactive lors de l\u2019utilisation de certaines fonctions, telles que les unit\u00e9s de num\u00e9risation de documents, le panneau de commande, le contr\u00f4leur et l\u2019unit\u00e9 de sortie. Cette technologie permet de consommer jusqu\u2019\u00e0 8\u00a0% d\u2019\u00e9lectricit\u00e9 en moins pour l\u2019impression et jusqu\u2019\u00e0 61\u00a0% pour la num\u00e9risation et l\u2019envoi de fax.<\/p>\n<p><strong>TONER\u00a0EA-ECO: <\/strong>Un toner sp\u00e9cial qui abaisse la temp\u00e9rature de fusion entre 30\u00b0C et 35\u00b0C, par rapport au toner EA conventionnel (toner d\u2019agr\u00e9gation d\u2019\u00e9mulsion). Avec le toner Super EA-Eco, la consommation d\u2019\u00e9nergie peut \u00eatre r\u00e9duite d\u2019environ 54 % en mode brillant par rapport au toner EA conventionnel, ce qui permet de r\u00e9duire la quantit\u00e9 d\u2019\u00e9missions de dioxyde de carbone.<\/p>\n<p><img decoding=\"async\" class=\"alignnone wp-image-20366 size-full\" src=\"https:\/\/office.fujifilmprint.eu\/wp-content\/uploads\/2024\/10\/FUJ13556-Infographics-v3-FR-24-v2.svg\" alt=\"\" \/><\/p>\n<\/p>\n\t<\/div>\n<\/section>\n\n<div style=\"height:80px;\">\n<\/div>\n\n<section id=\"txt-vid\">\n\n\t<div class=\"container-fluid\" style=\"background-image: url();padding: 50px;background: #fff;\">\n\t\t<div class=\"container\">\n\t\t\t<h2 style=\"margin-bottom: 20px;color: #00E5C2;\">Regarder la vid\u00e9o<\/h2>\n\t\t\t<div class=\"dash-1\" style=\"display: none;\"><\/div>\n\t\t\t<p style=\"color: #000;\">D\u00e9couvrez notre toner EA-Eco dans la vid\u00e9o ci-dessous\u00a0:<\/p>\n\t\t\t<div class=\"center\">\n\t\t\t\t<video controls preload=\"none\" poster=\"https:\/\/office.fujifilmprint.eu\/wp-content\/uploads\/2024\/08\/eatoner-thumbnail-16x9-1.jpg\" width=\"680\">\n\t\t\t\t<source src=\"\t\t\t\thttps:\/\/office.fujifilmprint.eu\/wp-content\/uploads\/2024\/09\/Super-EA-Eco-Toner_-Environmental-technology.mp4\t\t\t\t\" type=\"video\/mp4\">\n\t\t\t\t<\/video>\n\t\t\t<\/div>\n\t\t<\/div>\n\t<\/div>\n<\/section>\n\n\n\n\n\n<div style=\"height:80px;\">\n<\/div>\n\n\r\n<style>\r\n.icon-block-link{\r\n\ttext-decoration: none;\r\n\tcolor: black;\r\n}\r\n.icon-block-link:hover .poi-icons-printers .icon-block-icon{\r\n\ttransform: scale(1.2);\r\n    filter: invert(69%) sepia(96%) saturate(1997%) hue-rotate(120deg) brightness(99%) contrast(101%) !important;\r\n\ttransition: 0.4s;\r\n}\r\n<\/style>\r\n<section id=\"tc-icons\" class=\"printer-icons\">\r\n\t<div class=\"container block-three-column-icons\">\r\n\t\t<h2>D\u00e9couvrez la gamme de multifonctions Apeos\u00a0:<\/h2>\r\n\t\t<div class=\"row\" style=\"margin-top: 70px;\">\r\n\t\t\t\t\t\t\t\t\t\t\t\t<div class=\"col-sm\">\r\n                    <a href=\"https:\/\/office.fujifilmprint.eu\/fr\/product\/apeos-c4030-series\/\" class=\"icon-block-link\">\r\n                        <div class=\"icons-flex\">\r\n                                <div class=\"poi-icons-printers\" style=\"background-color: transparent;\">\r\n                                    <img decoding=\"async\" class=\"icon-block-icon\" src=\"\/wp-content\/uploads\/2024\/08\/C4030.svg\" style=\"filter: brightness(0);\" \/>\r\n                                <\/div>\r\n                            <div class=\"icon-content\">\r\n                            <p>\r\n                                <strong>S\u00e9rie Apeos\u00a0C4030<\/strong>\r\n                            <\/p>\r\n                                <p style=\"padding: 0 15px;\">Impression A4 sans compromis sur la qualit\u00e9<\/p>\r\n                                <\/div>\r\n                        <\/div>\r\n                        <\/a>\r\n\t\t\t\t\t<\/div>\r\n\t\t\t\t\t\t\t\t\t<div class=\"col-sm\">\r\n                    <a href=\"https:\/\/office.fujifilmprint.eu\/fr\/product\/apeos-c3060-series\/\" class=\"icon-block-link\">\r\n                        <div class=\"icons-flex\">\r\n                                <div class=\"poi-icons-printers\" style=\"background-color: transparent;\">\r\n                                    <img decoding=\"async\" class=\"icon-block-icon\" src=\"\/wp-content\/uploads\/2024\/08\/C3060.svg\" style=\"filter: brightness(0);\" \/>\r\n                                <\/div>\r\n                            <div class=\"icon-content\">\r\n                            <p>\r\n                                <strong>S\u00e9rie Apeos\u00a0C3060<\/strong>\r\n                            <\/p>\r\n                                <p style=\"padding: 0 15px;\">Impression A3 configurable et flexibilit\u00e9 ultime<\/p>\r\n                                <\/div>\r\n                        <\/div>\r\n                        <\/a>\r\n\t\t\t\t\t<\/div>\r\n\t\t\t\t\t\t\t\t\t<div class=\"col-sm\">\r\n                    <a href=\"https:\/\/office.fujifilmprint.eu\/fr\/product\/apeos-c7070-series\/\" class=\"icon-block-link\">\r\n                        <div class=\"icons-flex\">\r\n                                <div class=\"poi-icons-printers\" style=\"background-color: transparent;\">\r\n                                    <img decoding=\"async\" class=\"icon-block-icon\" src=\"\/wp-content\/uploads\/2024\/08\/C7070.svg\" style=\"filter: brightness(0);\" \/>\r\n                                <\/div>\r\n                            <div class=\"icon-content\">\r\n                            <p>\r\n                                <strong>S\u00e9rie Apeos\u00a0C7070<\/strong>\r\n                            <\/p>\r\n                                <p style=\"padding: 0 15px;\">Impression A3 haut de gamme robuste et intuitive <br>Impression A3<\/p>\r\n                                <\/div>\r\n                        <\/div>\r\n                        <\/a>\r\n\t\t\t\t\t<\/div>\r\n\t\t\t\t\t\t\t\t\t<\/div>\r\n\t<\/div>\r\n<\/section>\n\n<div id=\"download\"><\/div>\n\n<div style=\"height:50px;\">\n<\/div>\n\n<div style=\"height:100px;\">\n<\/div>\n\n<section id=\"small-cta\">\n\n<!-- Standard Block -->\n    <div class=\"container\">\n        <div class=\"row\">\n            <div class=\"col-md-6 img-bg\" style=\"background-image: url(https:\/\/office.fujifilmprint.eu\/wp-content\/uploads\/2024\/07\/sustainabilitybrochure-ctaiamge-1000x527-1.jpg);\">\n            <\/div>\n            <div class=\"col-md-6 green\">\n                <h3>Veulent en savoir plus?<\/h3>\n                <p>T\u00e9l\u00e9chargez notre brochure pour en savoir plus sur les initiatives environnementales li\u00e9es \u00e0 la gamme de multifonctions Apeos.<\/p>\n                                    <button type=\"button\" class=\"btn btn-purple popup-btn\" data-popup=\"popup-to-download-the-brochure-please-complete-the-form-below\">T\u00e9l\u00e9charger d\u00e8s maintenant<\/button>\n                            <\/div>\n        <\/div>\n    <\/div>\n\t\n\n<\/section>\n\n\n\n<!-- Single Pop-up -->\n<div id=\"popup-to-download-the-brochure-please-complete-the-form-below\" class=\"popup\">\n\t<div class=\"popup-content dark-form\" id=\"dark-form\">\n\t\t<div class=\"event-header\">\n\t\t\t<h2>\n\t\t\t\tPour t\u00e9l\u00e9charger la brochure, veuillez remplir le formulaire ci-dessous\u00a0:\t\t\t\n\t\t\t\t\t\t\t<\/h2>\n\t\t<\/div>\n\t\t\n\t\t  \r\n\r\n  \r\n\r\n   \r\n\r\n  \r\n\r\n  \r\n\r\n  \r\n\r\n<script src=\"\/\/info.fujifilm.eu\/js\/forms2\/js\/forms2.min.js\"><\/script> <form id=\"mktoForm_6132\" action=\"\"><input type=\"hidden\" name=\"trp-form-language\" value=\"fr\"\/><\/form> <script>MktoForms2.loadForm(\"\/\/info.fujifilm.eu\", \"060-MIY-956\", 6132);<\/script> \r\n\r\n  \r\n\r\n   \r\n\r\n   \r\n\r\n  \r\n\r\n  \r\n\r\n \r\n\r\n \r\n\r\n \r\n\r\n \t\t<div id=\"confirmform\" style=\"visibility:hidden;\">\n\t\t\t\t\t\t\t<p>Merci de nous avoir fourni vos coordonn\u00e9es. Vous pouvez d\u00e8s \u00e0 pr\u00e9sent t\u00e9l\u00e9charger la brochure.<\/p>\n\t\t\t\t<a href=\"https:\/\/office.fujifilmprint.eu\/wp-content\/uploads\/2024\/08\/Apeos-Sustainability-Brochure-0824.pdf\" target=\"_blank\" class=\"btn btn-outline\">T\u00e9l\u00e9charger<\/a>\n\t\t\t\t\t<\/div>\n\t\t\t\t\n\t\t<span class=\"fade-out main-btn-circle\">\u2573<\/span>\n\t<\/div>\n<\/div>\n\t\n\n\n<div id=\"contact\"><\/div>\n\n<div style=\"height:80px;\">\n<\/div>\n\n<section id=\"dark-form\">\n\t<div id=\"footer-form\" class=\"container\">\n\t\t<h2>S\u00e9duit par la durabilit\u00e9 de la gamme Apeos\u00a0?<br>Contactez-nous:<\/h2>\n\n\t\t  \r\n  \r\n<script src=\"\/\/info.fujifilm.eu\/js\/forms2\/js\/forms2.min.js\"><\/script> <form id=\"mktoForm_6123\" action=\"\"><input type=\"hidden\" name=\"trp-form-language\" value=\"fr\"\/><\/form> <script>MktoForms2.loadForm(\"\/\/info.fujifilm.eu\", \"060-MIY-956\", 6123);<\/script> \r\n   \r\n  \r\n \r\n\r\n  \n\t\t<div id=\"confirmform\" style=\"visibility:hidden;\">\n                            <p><strong>Merci pour votre demande, quelqu&#039;un vous contactera bient\u00f4t.<\/strong><\/p>\n              \n        <\/div>\n\t<\/div>\n<\/section>","protected":false},"excerpt":{"rendered":"","protected":false},"author":7,"featured_media":0,"parent":0,"menu_order":0,"comment_status":"closed","ping_status":"closed","template":"","meta":{"inline_featured_image":false,"footnotes":""},"class_list":["post-19596","page","type-page","status-publish","hentry"],"acf":[],"yoast_head":"<!-- This site is optimized with the Yoast SEO plugin v22.5 - https:\/\/yoast.com\/wordpress\/plugins\/seo\/ -->\n<title>Sustainability | Fujifilm Apeos Multifunction Printers EMEA<\/title>\n<meta name=\"description\" content=\"Office printing involves adopting innovative technologies that improve environmental impact. Discover why your business needs Apeos MFPs.\" \/>\n<meta name=\"robots\" content=\"index, follow, max-snippet:-1, max-image-preview:large, max-video-preview:-1\" \/>\n<link rel=\"canonical\" href=\"https:\/\/office.fujifilmprint.eu\/fr\/sustainability\/\" \/>\n<meta property=\"og:locale\" content=\"fr_FR\" \/>\n<meta property=\"og:type\" content=\"article\" \/>\n<meta property=\"og:title\" content=\"Sustainability | Fujifilm Apeos Multifunction Printers EMEA\" \/>\n<meta property=\"og:description\" content=\"Office printing involves adopting innovative technologies that improve environmental impact. Discover why your business needs Apeos MFPs.\" \/>\n<meta property=\"og:url\" content=\"https:\/\/office.fujifilmprint.eu\/fr\/sustainability\/\" \/>\n<meta property=\"og:site_name\" content=\"Fujifilm Office Printers EMEA\" \/>\n<meta property=\"article:modified_time\" content=\"2025-07-14T16:30:45+00:00\" \/>\n<meta name=\"twitter:card\" content=\"summary_large_image\" \/>\n<script type=\"application\/ld+json\" class=\"yoast-schema-graph\">{\"@context\":\"https:\/\/schema.org\",\"@graph\":[{\"@type\":\"WebPage\",\"@id\":\"https:\/\/office.fujifilmprint.eu\/sustainability\/\",\"url\":\"https:\/\/office.fujifilmprint.eu\/sustainability\/\",\"name\":\"Sustainability | Fujifilm Apeos Multifunction Printers EMEA\",\"isPartOf\":{\"@id\":\"https:\/\/office.fujifilmprint.eu\/#website\"},\"datePublished\":\"2024-07-16T15:08:20+00:00\",\"dateModified\":\"2025-07-14T16:30:45+00:00\",\"description\":\"Office printing involves adopting innovative technologies that improve environmental impact. Discover why your business needs Apeos MFPs.\",\"breadcrumb\":{\"@id\":\"https:\/\/office.fujifilmprint.eu\/sustainability\/#breadcrumb\"},\"inLanguage\":\"fr-FR\",\"potentialAction\":[{\"@type\":\"ReadAction\",\"target\":[\"https:\/\/office.fujifilmprint.eu\/sustainability\/\"]}]},{\"@type\":\"BreadcrumbList\",\"@id\":\"https:\/\/office.fujifilmprint.eu\/sustainability\/#breadcrumb\",\"itemListElement\":[{\"@type\":\"ListItem\",\"position\":1,\"name\":\"Home\",\"item\":\"https:\/\/office.fujifilmprint.eu\/\"},{\"@type\":\"ListItem\",\"position\":2,\"name\":\"Sustainability\"}]},{\"@type\":\"WebSite\",\"@id\":\"https:\/\/office.fujifilmprint.eu\/#website\",\"url\":\"https:\/\/office.fujifilmprint.eu\/\",\"name\":\"Fujifilm Office Printers EMEA\",\"description\":\"\",\"publisher\":{\"@id\":\"https:\/\/office.fujifilmprint.eu\/#organization\"},\"potentialAction\":[{\"@type\":\"SearchAction\",\"target\":{\"@type\":\"EntryPoint\",\"urlTemplate\":\"https:\/\/office.fujifilmprint.eu\/?s={search_term_string}\"},\"query-input\":\"required name=search_term_string\"}],\"inLanguage\":\"fr-FR\"},{\"@type\":\"Organization\",\"@id\":\"https:\/\/office.fujifilmprint.eu\/#organization\",\"name\":\"Fujifilm Office Printers EMEA\",\"url\":\"https:\/\/office.fujifilmprint.eu\/\",\"logo\":{\"@type\":\"ImageObject\",\"inLanguage\":\"fr-FR\",\"@id\":\"https:\/\/office.fujifilmprint.eu\/#\/schema\/logo\/image\/\",\"url\":\"https:\/\/office.fujifilmprint.eu\/wp-content\/uploads\/2024\/05\/fujifilm-1.png\",\"contentUrl\":\"https:\/\/office.fujifilmprint.eu\/wp-content\/uploads\/2024\/05\/fujifilm-1.png\",\"width\":416,\"height\":70,\"caption\":\"Fujifilm Office Printers EMEA\"},\"image\":{\"@id\":\"https:\/\/office.fujifilmprint.eu\/#\/schema\/logo\/image\/\"}}]}<\/script>\n<!-- \/ Yoast SEO plugin. -->","yoast_head_json":{"title":"Sustainability | Fujifilm Imprimantes multifonctions Apeos EMEA","description":"L'impression bureautique implique l'adoption de technologies innovantes qui am\u00e9liorent l'impact environnemental. D\u00e9couvrez pourquoi votre entreprise a besoin des MFP d'Apeos.","robots":{"index":"index","follow":"follow","max-snippet":"max-snippet:-1","max-image-preview":"max-image-preview:large","max-video-preview":"max-video-preview:-1"},"canonical":"https:\/\/office.fujifilmprint.eu\/fr\/sustainability\/","og_locale":"fr_FR","og_type":"article","og_title":"Sustainability | Fujifilm Apeos Multifunction Printers EMEA","og_description":"Office printing involves adopting innovative technologies that improve environmental impact. Discover why your business needs Apeos MFPs.","og_url":"https:\/\/office.fujifilmprint.eu\/fr\/sustainability\/","og_site_name":"Fujifilm Office Printers EMEA","article_modified_time":"2025-07-14T16:30:45+00:00","twitter_card":"summary_large_image","schema":{"@context":"https:\/\/schema.org","@graph":[{"@type":"WebPage","@id":"https:\/\/office.fujifilmprint.eu\/sustainability\/","url":"https:\/\/office.fujifilmprint.eu\/sustainability\/","name":"Sustainability | Fujifilm Imprimantes multifonctions Apeos EMEA","isPartOf":{"@id":"https:\/\/office.fujifilmprint.eu\/#website"},"datePublished":"2024-07-16T15:08:20+00:00","dateModified":"2025-07-14T16:30:45+00:00","description":"L'impression bureautique implique l'adoption de technologies innovantes qui am\u00e9liorent l'impact environnemental. D\u00e9couvrez pourquoi votre entreprise a besoin des MFP d'Apeos.","breadcrumb":{"@id":"https:\/\/office.fujifilmprint.eu\/sustainability\/#breadcrumb"},"inLanguage":"fr-FR","potentialAction":[{"@type":"ReadAction","target":["https:\/\/office.fujifilmprint.eu\/sustainability\/"]}]},{"@type":"BreadcrumbList","@id":"https:\/\/office.fujifilmprint.eu\/sustainability\/#breadcrumb","itemListElement":[{"@type":"ListItem","position":1,"name":"Home","item":"https:\/\/office.fujifilmprint.eu\/"},{"@type":"ListItem","position":2,"name":"Sustainability"}]},{"@type":"WebSite","@id":"https:\/\/office.fujifilmprint.eu\/#website","url":"https:\/\/office.fujifilmprint.eu\/","name":"Fujifilm Imprimantes de bureau EMEA","description":"","publisher":{"@id":"https:\/\/office.fujifilmprint.eu\/#organization"},"potentialAction":[{"@type":"SearchAction","target":{"@type":"EntryPoint","urlTemplate":"https:\/\/office.fujifilmprint.eu\/?s={search_term_string}"},"query-input":"required name=search_term_string"}],"inLanguage":"fr-FR"},{"@type":"Organization","@id":"https:\/\/office.fujifilmprint.eu\/#organization","name":"Fujifilm Imprimantes de bureau EMEA","url":"https:\/\/office.fujifilmprint.eu\/","logo":{"@type":"ImageObject","inLanguage":"fr-FR","@id":"https:\/\/office.fujifilmprint.eu\/#\/schema\/logo\/image\/","url":"https:\/\/office.fujifilmprint.eu\/wp-content\/uploads\/2024\/05\/fujifilm-1.png","contentUrl":"https:\/\/office.fujifilmprint.eu\/wp-content\/uploads\/2024\/05\/fujifilm-1.png","width":416,"height":70,"caption":"Fujifilm Office Printers EMEA"},"image":{"@id":"https:\/\/office.fujifilmprint.eu\/#\/schema\/logo\/image\/"}}]}},"_links":{"self":[{"href":"https:\/\/office.fujifilmprint.eu\/fr\/wp-json\/wp\/v2\/pages\/19596","targetHints":{"allow":["GET"]}}],"collection":[{"href":"https:\/\/office.fujifilmprint.eu\/fr\/wp-json\/wp\/v2\/pages"}],"about":[{"href":"https:\/\/office.fujifilmprint.eu\/fr\/wp-json\/wp\/v2\/types\/page"}],"author":[{"embeddable":true,"href":"https:\/\/office.fujifilmprint.eu\/fr\/wp-json\/wp\/v2\/users\/7"}],"replies":[{"embeddable":true,"href":"https:\/\/office.fujifilmprint.eu\/fr\/wp-json\/wp\/v2\/comments?post=19596"}],"version-history":[{"count":200,"href":"https:\/\/office.fujifilmprint.eu\/fr\/wp-json\/wp\/v2\/pages\/19596\/revisions"}],"predecessor-version":[{"id":21392,"href":"https:\/\/office.fujifilmprint.eu\/fr\/wp-json\/wp\/v2\/pages\/19596\/revisions\/21392"}],"wp:attachment":[{"href":"https:\/\/office.fujifilmprint.eu\/fr\/wp-json\/wp\/v2\/media?parent=19596"}],"curies":[{"name":"wp","href":"https:\/\/api.w.org\/{rel}","templated":true}]}}