{"id":19596,"date":"2024-07-16T16:08:20","date_gmt":"2024-07-16T15:08:20","guid":{"rendered":"https:\/\/office-staging.fujifilmprint.eu\/?page_id=19596"},"modified":"2025-07-14T17:30:45","modified_gmt":"2025-07-14T16:30:45","slug":"sustainability","status":"publish","type":"page","link":"https:\/\/office.fujifilmprint.eu\/it\/sustainability\/","title":{"rendered":"Sostenibilit\u00e0"},"content":{"rendered":"<section id=\"green-header\">\n\t<div class=\"container-fluid green-pt\" style=\"background-image: url('https:\/\/office.fujifilmprint.eu\/wp-content\/uploads\/2024\/09\/sustainability-header-2000x324-1.jpg');background-size: cover;padding: 0;\">\n\t<div class=\"overlay\" style=\"padding: 75px 0;\">\t\t<div class=\"container\">\n\t\t\t<h2 style=\"color: #00e5c2;\">\n\t\t\t\t Appassionati della sostenibilit\u00e0\t\t\t<\/h2>\n\t\t\t<h3 style=\"color: #fff;margin-top: 25px;letter-spacing: -1px;font-size: 29px;font-weight: 500;\">\n\t\t\t\tIniziative per la tutela dell'ambiente\t\t\t<\/h3>\n\t\t<\/div>\n\t<\/div>\t<\/div>\n<\/section>\n\n<div style=\"height:50px;\">\n<\/div>\n\n<section id=\"txt-header\">\n\t<div class=\"container block-text-header\">\n\t\t<h3>Perch\u00e9 Apeos?<\/h3>\n\t\t<h2>Utilizza tecnologie ambientali innovative, riduce il consumo energetico e migliora l\u2019efficienza complessiva.<\/h2>\n\t\t<p><p>Fujifilm ritiene che la stampa sostenibile spesso implichi l'adozione di nuove tecnologie e pratiche che migliorano l'efficienza complessiva. Questo pu\u00f2 portare a innovazioni di cui possono beneficiare anche altre aree dell'azienda. La stampa sostenibile non solo \u00e8 vantaggiosa per l'ambiente, ma \u00e8 anche in linea con i pi\u00f9 ampi obiettivi di responsabilit\u00e0 sociale dell'azienda.<\/p>\n<p>In Fujifilm abbiamo iniziato a sviluppare tecnologie ambientali, tra cui dispositivi multifunzione con una maggiore efficienza energetica e un toner a bassa temperatura di fusione, oltre a riutilizzare e riciclare i prodotti prima di altre aziende del settore.<\/p>\n<p>Implementare pratiche di stampa sostenibili all'interno della vostra azienda aiuta a ridurre il volume di rifiuti generati. Ci\u00f2 pu\u00f2 portare a notevoli risparmi sui costi, riducendo il consumo di carta, toner ed energia.<\/p>\n<p>Infine, dimostrare un impegno per la sostenibilit\u00e0 migliora la reputazione dell'azienda. Dimostra alle parti interessate, tra cui clienti, dipendenti e investitori, che l'azienda \u00e8 responsabile e lungimirante. Molti dipendenti preferiscono lavorare per aziende che considerano la sostenibilit\u00e0 prioritaria. L'implementazione di pratiche ecocompatibili pu\u00f2 migliorare il morale e aumentare il coinvolgimento, contribuendo a creare una cultura positiva sul posto di lavoro.<\/p>\n<\/p>\n\t<\/div>\n<\/section>\n\n<section id=\"txt-header\">\n\t<div class=\"container block-text-header\">\n\t\t<h3>Iniziative principali<\/h3>\n\t\t<h2><\/h2>\n\t\t<p><p><strong>PRODOTTI DI VALORE ECOLOGICO:<\/strong> Parte dei prodotti e servizi Fujifilm attenti all'ambiente, la gamma Apeos \u00e8 certificata come \u201cSilver\u201d e \u201cGold\u201d nell'ambito dei \u201cGreen Value Products\u201d di Fujifilm e, pertanto, contribuisce alla riduzione dell'impatto ambientale a un livello superiore rispetto agli standard del settore.<\/p>\n<p><strong>PLASTICA RICICLATA E A BASE BIOLOGICA RESISTENTE AL FUOCO:<\/strong> Usiamo plastica riciclata per alcune delle nostre componenti in plastica. Inoltre, per ridurre l'uso di plastiche a base di petrolio, utilizziamo parti in plastica a base biologica resistente al fuoco realizzate con \"cellulosa\" ottenuta da materiali legnosi.<\/p>\n<p><img loading=\"lazy\" decoding=\"async\" class=\"wp-image-20795 aligncenter\" src=\"https:\/\/office.fujifilmprint.eu\/wp-content\/uploads\/2024\/10\/FUJ13516-ITL-Infographics-for-export-003-08.svg\" alt=\"\" width=\"1031\" height=\"539\" \/><\/p>\n<p><strong>CONSERVAZIONE DELLE RISORSE\u00a0<\/strong>Sistema progettato con funzioni che contribuiscono a ridurre il consumo di carta, come scansione, stampa con addebito per uso privato, fax senza carta, pi\u00f9 pagine per foglio\/lato, ecc.<\/p>\n<p><strong>CONSERVAZIONE DELL\u2019ENERGIA:\u00a0<\/strong>Adottiamo le tecnologie di fusione IH che consentono un riscaldamento rapido per eliminare la necessit\u00e0 di preriscaldare nelle modalit\u00e0 di standby o di risparmio energetico, riducendo il consumo di energia. Inoltre, funzionalit\u00e0 smart di risparmio energetico attivano i componenti necessari secondo le funzioni da utilizzare.<\/p>\n<p><img loading=\"lazy\" decoding=\"async\" class=\"aligncenter wp-image-20798\" src=\"https:\/\/office.fujifilmprint.eu\/wp-content\/uploads\/2024\/10\/FUJ13516-ITL-Infographics-for-export-23.svg\" alt=\"\" width=\"717\" height=\"468\" \/><img decoding=\"async\" class=\"aligncenter wp-image-20802 size-full\" src=\"https:\/\/office.fujifilmprint.eu\/wp-content\/uploads\/2024\/10\/FUJ13516-ITL-Infographics-for-export-003-25.svg\" alt=\"\" \/><\/p>\n<p><strong>TECNOLOGIA INTELLIGENTE DI RISPARMIO ENERGETICO:<\/strong> Si attiva\/disattiva quando si utilizzano funzioni specifiche, come le unit\u00e0 di scansione dei documenti, il pannello operativo, il controller e l'unit\u00e0 di uscita. Questa tecnologia consente di ridurre il consumo di elettricit\u00e0 fino all'8% per la stampa e fino al 61% per la scansione e il fax.<\/p>\n<p><strong>TONER SUPER EA-ECO: <\/strong>Un toner speciale che abbassa la temperatura di fusione tra 30 e 35\u00b0C, rispetto al toner convenzionale EA (tecnologia Emulsion, Aggregation). Con il toner Super EA-Eco, il consumo energetico pu\u00f2 essere ridotto di circa il 54% con livello di lucidit\u00e0 Glossy rispetto al toner EA convenzionale, portando a una riduzione della quantit\u00e0 di emissioni di anidride carbonica.<\/p>\n<p><img decoding=\"async\" class=\"alignnone wp-image-20366 size-full\" src=\"https:\/\/office.fujifilmprint.eu\/wp-content\/uploads\/2024\/10\/FUJ13516-ITL-Infographics-for-export-003-24.gif\" alt=\"\" \/><\/p>\n<\/p>\n\t<\/div>\n<\/section>\n\n<div style=\"height:80px;\">\n<\/div>\n\n<section id=\"txt-vid\">\n\n\t<div class=\"container-fluid\" style=\"background-image: url();padding: 50px;background: #fff;\">\n\t\t<div class=\"container\">\n\t\t\t<h2 style=\"margin-bottom: 20px;color: #00E5C2;\">Guarda il video<\/h2>\n\t\t\t<div class=\"dash-1\" style=\"display: none;\"><\/div>\n\t\t\t<p style=\"color: #000;\">Maggiori informazioni sul nostro toner EA-Eco sono disponibili nel video di seguito:<\/p>\n\t\t\t<div class=\"center\">\n\t\t\t\t<video controls preload=\"none\" poster=\"https:\/\/office.fujifilmprint.eu\/wp-content\/uploads\/2024\/08\/eatoner-thumbnail-16x9-1.jpg\" width=\"680\">\n\t\t\t\t<source src=\"\t\t\t\thttps:\/\/office.fujifilmprint.eu\/wp-content\/uploads\/2024\/09\/Super-EA-Eco-Toner_-Environmental-technology.mp4\t\t\t\t\" type=\"video\/mp4\">\n\t\t\t\t<\/video>\n\t\t\t<\/div>\n\t\t<\/div>\n\t<\/div>\n<\/section>\n\n\n\n\n\n<div style=\"height:80px;\">\n<\/div>\n\n\r\n<style>\r\n.icon-block-link{\r\n\ttext-decoration: none;\r\n\tcolor: black;\r\n}\r\n.icon-block-link:hover .poi-icons-printers .icon-block-icon{\r\n\ttransform: scale(1.2);\r\n    filter: invert(69%) sepia(96%) saturate(1997%) hue-rotate(120deg) brightness(99%) contrast(101%) !important;\r\n\ttransition: 0.4s;\r\n}\r\n<\/style>\r\n<section id=\"tc-icons\" class=\"printer-icons\">\r\n\t<div class=\"container block-three-column-icons\">\r\n\t\t<h2>Scopri la gamma di stampanti multifunzione Apeos:<\/h2>\r\n\t\t<div class=\"row\" style=\"margin-top: 70px;\">\r\n\t\t\t\t\t\t\t\t\t\t\t\t<div class=\"col-sm\">\r\n                    <a href=\"https:\/\/office.fujifilmprint.eu\/it\/product\/apeos-c4030-series\/\" class=\"icon-block-link\">\r\n                        <div class=\"icons-flex\">\r\n                                <div class=\"poi-icons-printers\" style=\"background-color: transparent;\">\r\n                                    <img decoding=\"async\" class=\"icon-block-icon\" src=\"\/wp-content\/uploads\/2024\/08\/C4030.svg\" style=\"filter: brightness(0);\" \/>\r\n                                <\/div>\r\n                            <div class=\"icon-content\">\r\n                            <p>\r\n                                <strong>Apeos serie C4030<\/strong>\r\n                            <\/p>\r\n                                <p style=\"padding: 0 15px;\">Stampa A4 senza compromessi sulla qualit\u00e0<\/p>\r\n                                <\/div>\r\n                        <\/div>\r\n                        <\/a>\r\n\t\t\t\t\t<\/div>\r\n\t\t\t\t\t\t\t\t\t<div class=\"col-sm\">\r\n                    <a href=\"https:\/\/office.fujifilmprint.eu\/it\/product\/apeos-c3060-series\/\" class=\"icon-block-link\">\r\n                        <div class=\"icons-flex\">\r\n                                <div class=\"poi-icons-printers\" style=\"background-color: transparent;\">\r\n                                    <img decoding=\"async\" class=\"icon-block-icon\" src=\"\/wp-content\/uploads\/2024\/08\/C3060.svg\" style=\"filter: brightness(0);\" \/>\r\n                                <\/div>\r\n                            <div class=\"icon-content\">\r\n                            <p>\r\n                                <strong>Apeos serie C3060<\/strong>\r\n                            <\/p>\r\n                                <p style=\"padding: 0 15px;\">Stampa A3 configurabile con la massima flessibilit\u00e0<\/p>\r\n                                <\/div>\r\n                        <\/div>\r\n                        <\/a>\r\n\t\t\t\t\t<\/div>\r\n\t\t\t\t\t\t\t\t\t<div class=\"col-sm\">\r\n                    <a href=\"https:\/\/office.fujifilmprint.eu\/it\/product\/apeos-c7070-series\/\" class=\"icon-block-link\">\r\n                        <div class=\"icons-flex\">\r\n                                <div class=\"poi-icons-printers\" style=\"background-color: transparent;\">\r\n                                    <img decoding=\"async\" class=\"icon-block-icon\" src=\"\/wp-content\/uploads\/2024\/08\/C7070.svg\" style=\"filter: brightness(0);\" \/>\r\n                                <\/div>\r\n                            <div class=\"icon-content\">\r\n                            <p>\r\n                                <strong>Apeos Serie C7070<\/strong>\r\n                            <\/p>\r\n                                <p style=\"padding: 0 15px;\">Stampa A3 di fascia alta <br>robusta e intuitiva<\/p>\r\n                                <\/div>\r\n                        <\/div>\r\n                        <\/a>\r\n\t\t\t\t\t<\/div>\r\n\t\t\t\t\t\t\t\t\t<\/div>\r\n\t<\/div>\r\n<\/section>\n\n<div id=\"download\"><\/div>\n\n<div style=\"height:50px;\">\n<\/div>\n\n<div style=\"height:100px;\">\n<\/div>\n\n<section id=\"small-cta\">\n\n<!-- Standard Block -->\n    <div class=\"container\">\n        <div class=\"row\">\n            <div class=\"col-md-6 img-bg\" style=\"background-image: url(https:\/\/office.fujifilmprint.eu\/wp-content\/uploads\/2024\/07\/sustainabilitybrochure-ctaiamge-1000x527-1.jpg);\">\n            <\/div>\n            <div class=\"col-md-6 green\">\n                <h3>Vuoi saperne di pi\u00f9?<\/h3>\n                <p>Scaricate la nostra brochure per conoscere tutte le caratteristiche di sostenibilit\u00e0 dei sistemi multifunzione Apeos.<\/p>\n                                    <button type=\"button\" class=\"btn btn-purple popup-btn\" data-popup=\"popup-to-download-the-brochure-please-complete-the-form-below\">Download immediato<\/button>\n                            <\/div>\n        <\/div>\n    <\/div>\n\t\n\n<\/section>\n\n\n\n<!-- Single Pop-up -->\n<div id=\"popup-to-download-the-brochure-please-complete-the-form-below\" class=\"popup\">\n\t<div class=\"popup-content dark-form\" id=\"dark-form\">\n\t\t<div class=\"event-header\">\n\t\t\t<h2>\n\t\t\t\tPer scaricare la brochure, completa il modulo seguente:\t\t\t\n\t\t\t\t\t\t\t<\/h2>\n\t\t<\/div>\n\t\t\n\t\t  \r\n\r\n  \r\n\r\n   \r\n\r\n  \r\n\r\n   \r\n\r\n   \r\n\r\n  \r\n\r\n  \r\n\r\n  \r\n\r\n<script src=\"\/\/info.fujifilm.eu\/js\/forms2\/js\/forms2.min.js\"><\/script> <form id=\"mktoForm_6131\" action=\"\"><input type=\"hidden\" name=\"trp-form-language\" value=\"it\"\/><\/form> <script>MktoForms2.loadForm(\"\/\/info.fujifilm.eu\", \"060-MIY-956\", 6131);<\/script> \r\n\r\n  \r\n\r\n  \r\n\r\n \r\n\r\n \r\n\r\n \r\n\r\n \t\t<div id=\"confirmform\" style=\"visibility:hidden;\">\n\t\t\t\t\t\t\t<p>Grazie per aver inviato i tuoi dati. Ora la brochure \u00e8 disponibile per il download.<\/p>\n\t\t\t\t<a href=\"https:\/\/office.fujifilmprint.eu\/wp-content\/uploads\/2024\/08\/Apeos-Sustainability-Brochure-0824.pdf\" target=\"_blank\" class=\"btn btn-outline\">Scaricamento<\/a>\n\t\t\t\t\t<\/div>\n\t\t\t\t\n\t\t<span class=\"fade-out main-btn-circle\">\u2573<\/span>\n\t<\/div>\n<\/div>\n\t\n\n\n<div id=\"contact\"><\/div>\n\n<div style=\"height:80px;\">\n<\/div>\n\n<section id=\"dark-form\">\n\t<div id=\"footer-form\" class=\"container\">\n\t\t<h2>Ti interessa la stampa sostenibile con Apeos?<br>Contattaci:<\/h2>\n\n\t\t  \r\n   \r\n  \r\n<script src=\"\/\/info.fujifilm.eu\/js\/forms2\/js\/forms2.min.js\"><\/script> <form id=\"mktoForm_6121\" action=\"\"><input type=\"hidden\" name=\"trp-form-language\" value=\"it\"\/><\/form> <script>MktoForms2.loadForm(\"\/\/info.fujifilm.eu\", \"060-MIY-956\", 6121);<\/script> \r\n  \r\n \r\n\r\n  \n\t\t<div id=\"confirmform\" style=\"visibility:hidden;\">\n                            <p><strong>Grazie per la tua richiesta, qualcuno ti contatter\u00e0 presto.<\/strong><\/p>\n              \n        <\/div>\n\t<\/div>\n<\/section>","protected":false},"excerpt":{"rendered":"","protected":false},"author":7,"featured_media":0,"parent":0,"menu_order":0,"comment_status":"closed","ping_status":"closed","template":"","meta":{"inline_featured_image":false,"footnotes":""},"class_list":["post-19596","page","type-page","status-publish","hentry"],"acf":[],"yoast_head":"<!-- This site is optimized with the Yoast SEO plugin v22.5 - https:\/\/yoast.com\/wordpress\/plugins\/seo\/ -->\n<title>Sustainability | Fujifilm Apeos Multifunction Printers EMEA<\/title>\n<meta name=\"description\" content=\"Office printing involves adopting innovative technologies that improve environmental impact. Discover why your business needs Apeos MFPs.\" \/>\n<meta name=\"robots\" content=\"index, follow, max-snippet:-1, max-image-preview:large, max-video-preview:-1\" \/>\n<link rel=\"canonical\" href=\"https:\/\/office.fujifilmprint.eu\/it\/sustainability\/\" \/>\n<meta property=\"og:locale\" content=\"it_IT\" \/>\n<meta property=\"og:type\" content=\"article\" \/>\n<meta property=\"og:title\" content=\"Sustainability | Fujifilm Apeos Multifunction Printers EMEA\" \/>\n<meta property=\"og:description\" content=\"Office printing involves adopting innovative technologies that improve environmental impact. Discover why your business needs Apeos MFPs.\" \/>\n<meta property=\"og:url\" content=\"https:\/\/office.fujifilmprint.eu\/it\/sustainability\/\" \/>\n<meta property=\"og:site_name\" content=\"Fujifilm Office Printers EMEA\" \/>\n<meta property=\"article:modified_time\" content=\"2025-07-14T16:30:45+00:00\" \/>\n<meta name=\"twitter:card\" content=\"summary_large_image\" \/>\n<script type=\"application\/ld+json\" class=\"yoast-schema-graph\">{\"@context\":\"https:\/\/schema.org\",\"@graph\":[{\"@type\":\"WebPage\",\"@id\":\"https:\/\/office.fujifilmprint.eu\/sustainability\/\",\"url\":\"https:\/\/office.fujifilmprint.eu\/sustainability\/\",\"name\":\"Sustainability | Fujifilm Apeos Multifunction Printers EMEA\",\"isPartOf\":{\"@id\":\"https:\/\/office.fujifilmprint.eu\/#website\"},\"datePublished\":\"2024-07-16T15:08:20+00:00\",\"dateModified\":\"2025-07-14T16:30:45+00:00\",\"description\":\"Office printing involves adopting innovative technologies that improve environmental impact. Discover why your business needs Apeos MFPs.\",\"breadcrumb\":{\"@id\":\"https:\/\/office.fujifilmprint.eu\/sustainability\/#breadcrumb\"},\"inLanguage\":\"it-IT\",\"potentialAction\":[{\"@type\":\"ReadAction\",\"target\":[\"https:\/\/office.fujifilmprint.eu\/sustainability\/\"]}]},{\"@type\":\"BreadcrumbList\",\"@id\":\"https:\/\/office.fujifilmprint.eu\/sustainability\/#breadcrumb\",\"itemListElement\":[{\"@type\":\"ListItem\",\"position\":1,\"name\":\"Home\",\"item\":\"https:\/\/office.fujifilmprint.eu\/\"},{\"@type\":\"ListItem\",\"position\":2,\"name\":\"Sustainability\"}]},{\"@type\":\"WebSite\",\"@id\":\"https:\/\/office.fujifilmprint.eu\/#website\",\"url\":\"https:\/\/office.fujifilmprint.eu\/\",\"name\":\"Fujifilm Office Printers EMEA\",\"description\":\"\",\"publisher\":{\"@id\":\"https:\/\/office.fujifilmprint.eu\/#organization\"},\"potentialAction\":[{\"@type\":\"SearchAction\",\"target\":{\"@type\":\"EntryPoint\",\"urlTemplate\":\"https:\/\/office.fujifilmprint.eu\/?s={search_term_string}\"},\"query-input\":\"required name=search_term_string\"}],\"inLanguage\":\"it-IT\"},{\"@type\":\"Organization\",\"@id\":\"https:\/\/office.fujifilmprint.eu\/#organization\",\"name\":\"Fujifilm Office Printers EMEA\",\"url\":\"https:\/\/office.fujifilmprint.eu\/\",\"logo\":{\"@type\":\"ImageObject\",\"inLanguage\":\"it-IT\",\"@id\":\"https:\/\/office.fujifilmprint.eu\/#\/schema\/logo\/image\/\",\"url\":\"https:\/\/office.fujifilmprint.eu\/wp-content\/uploads\/2024\/05\/fujifilm-1.png\",\"contentUrl\":\"https:\/\/office.fujifilmprint.eu\/wp-content\/uploads\/2024\/05\/fujifilm-1.png\",\"width\":416,\"height\":70,\"caption\":\"Fujifilm Office Printers EMEA\"},\"image\":{\"@id\":\"https:\/\/office.fujifilmprint.eu\/#\/schema\/logo\/image\/\"}}]}<\/script>\n<!-- \/ Yoast SEO plugin. -->","yoast_head_json":{"title":"Sostenibilit\u00e0 | Stampanti multifunzione Apeos Fujifilm EMEA","description":"La stampa in ufficio comporta l'adozione di tecnologie innovative che migliorano l'impatto ambientale. Scopri perch\u00e9 la tua azienda ha bisogno dei dispositivi multifunzione Apeos.","robots":{"index":"index","follow":"follow","max-snippet":"max-snippet:-1","max-image-preview":"max-image-preview:large","max-video-preview":"max-video-preview:-1"},"canonical":"https:\/\/office.fujifilmprint.eu\/it\/sustainability\/","og_locale":"it_IT","og_type":"article","og_title":"Sustainability | Fujifilm Apeos Multifunction Printers EMEA","og_description":"Office printing involves adopting innovative technologies that improve environmental impact. Discover why your business needs Apeos MFPs.","og_url":"https:\/\/office.fujifilmprint.eu\/it\/sustainability\/","og_site_name":"Fujifilm Office Printers EMEA","article_modified_time":"2025-07-14T16:30:45+00:00","twitter_card":"summary_large_image","schema":{"@context":"https:\/\/schema.org","@graph":[{"@type":"WebPage","@id":"https:\/\/office.fujifilmprint.eu\/sustainability\/","url":"https:\/\/office.fujifilmprint.eu\/sustainability\/","name":"Sostenibilit\u00e0 | Stampanti multifunzione Apeos Fujifilm EMEA","isPartOf":{"@id":"https:\/\/office.fujifilmprint.eu\/#website"},"datePublished":"2024-07-16T15:08:20+00:00","dateModified":"2025-07-14T16:30:45+00:00","description":"La stampa in ufficio comporta l'adozione di tecnologie innovative che migliorano l'impatto ambientale. Scopri perch\u00e9 la tua azienda ha bisogno dei dispositivi multifunzione Apeos.","breadcrumb":{"@id":"https:\/\/office.fujifilmprint.eu\/sustainability\/#breadcrumb"},"inLanguage":"it-IT","potentialAction":[{"@type":"ReadAction","target":["https:\/\/office.fujifilmprint.eu\/sustainability\/"]}]},{"@type":"BreadcrumbList","@id":"https:\/\/office.fujifilmprint.eu\/sustainability\/#breadcrumb","itemListElement":[{"@type":"ListItem","position":1,"name":"Home","item":"https:\/\/office.fujifilmprint.eu\/"},{"@type":"ListItem","position":2,"name":"Sustainability"}]},{"@type":"WebSite","@id":"https:\/\/office.fujifilmprint.eu\/#website","url":"https:\/\/office.fujifilmprint.eu\/","name":"Fujifilm Stampanti per ufficio EMEA","description":"","publisher":{"@id":"https:\/\/office.fujifilmprint.eu\/#organization"},"potentialAction":[{"@type":"SearchAction","target":{"@type":"EntryPoint","urlTemplate":"https:\/\/office.fujifilmprint.eu\/?s={search_term_string}"},"query-input":"required name=search_term_string"}],"inLanguage":"it-IT"},{"@type":"Organization","@id":"https:\/\/office.fujifilmprint.eu\/#organization","name":"Fujifilm Stampanti per ufficio EMEA","url":"https:\/\/office.fujifilmprint.eu\/","logo":{"@type":"ImageObject","inLanguage":"it-IT","@id":"https:\/\/office.fujifilmprint.eu\/#\/schema\/logo\/image\/","url":"https:\/\/office.fujifilmprint.eu\/wp-content\/uploads\/2024\/05\/fujifilm-1.png","contentUrl":"https:\/\/office.fujifilmprint.eu\/wp-content\/uploads\/2024\/05\/fujifilm-1.png","width":416,"height":70,"caption":"Fujifilm Office Printers EMEA"},"image":{"@id":"https:\/\/office.fujifilmprint.eu\/#\/schema\/logo\/image\/"}}]}},"_links":{"self":[{"href":"https:\/\/office.fujifilmprint.eu\/it\/wp-json\/wp\/v2\/pages\/19596","targetHints":{"allow":["GET"]}}],"collection":[{"href":"https:\/\/office.fujifilmprint.eu\/it\/wp-json\/wp\/v2\/pages"}],"about":[{"href":"https:\/\/office.fujifilmprint.eu\/it\/wp-json\/wp\/v2\/types\/page"}],"author":[{"embeddable":true,"href":"https:\/\/office.fujifilmprint.eu\/it\/wp-json\/wp\/v2\/users\/7"}],"replies":[{"embeddable":true,"href":"https:\/\/office.fujifilmprint.eu\/it\/wp-json\/wp\/v2\/comments?post=19596"}],"version-history":[{"count":200,"href":"https:\/\/office.fujifilmprint.eu\/it\/wp-json\/wp\/v2\/pages\/19596\/revisions"}],"predecessor-version":[{"id":21392,"href":"https:\/\/office.fujifilmprint.eu\/it\/wp-json\/wp\/v2\/pages\/19596\/revisions\/21392"}],"wp:attachment":[{"href":"https:\/\/office.fujifilmprint.eu\/it\/wp-json\/wp\/v2\/media?parent=19596"}],"curies":[{"name":"wp","href":"https:\/\/api.w.org\/{rel}","templated":true}]}}